{"id":1301,"date":"2016-04-01T11:46:23","date_gmt":"2016-04-01T16:16:23","guid":{"rendered":"http:\/\/preacero.com\/home\/?page_id=1301"},"modified":"2017-04-07T11:35:45","modified_gmt":"2017-04-07T16:05:45","slug":"nosotrosmx","status":"publish","type":"page","link":"http:\/\/preacero.com\/home\/nosotrosmx\/","title":{"rendered":"Nosotros"},"content":{"rendered":"<p><font color=\"white\">Somos una empresa con m\u00e1s de 60 a\u00f1os de experiencia en la fabricaci\u00f3n de Estructuras Met\u00e1licas y en desarrollo de Ingenier\u00eda para diferentes proyectos. Gracias a la calidad de nuestros servicios nos hemos convertido en referente de la industria metalmec\u00e1nica en la regi\u00f3n sur de Am\u00e9rica.<\/p>\n<p>La gran demanda de los productos manufacturados por las Industrias Metal-Mec\u00e1nica solicitados por los desarrolladores industriales y petroleros, los \u00a0proyectos hidroel\u00e9ctricos, las centrales termoel\u00e9ctricas, los puentes y viaductos, el metro de caracas, entre otros; nos impulsaron para\u00a0proyectarnos en el mercado nacional y en el estudio, planificaci\u00f3n, desarrollo y ejecuci\u00f3n de nuevas instalaciones, es as\u00ed como nos consolidamos en la manufactura de perfiles soldados y de cualquier tipo de estructura met\u00e1lica.<\/font><\/p>\n<p><strong><font color=\"white\">Misi\u00f3n<\/font><\/strong><\/p>\n<p><font color=\"white\">Lo que perdura es producto del trabajo y la constancia. Por eso nos comprometemos responsablemente con nuestros clientes, super\u00e1ndonos continuamente para satisfacerles eficientemente.<\/font><\/p>\n<p><strong><font color=\"white\">Visi\u00f3n<\/font><\/strong><\/p>\n<p><font color=\"white\">Ser la empresa l\u00edder en soluciones estructurales de alta complejidad del mercado Latinoamericano.<\/font><\/p>\n<p><strong><font color=\"white\">Valores<\/font><\/strong><br \/>\n<font color=\"white\"><\/p>\n<ul>\n<li>Respeto<\/li>\n<li>Integridad<\/li>\n<li>Responsabilidad<\/li>\n<li>Superaci\u00f3n<\/li>\n<li>Eficiencia<\/li>\n<li>Confianza y Cooperaci\u00f3n<\/li>\n<\/ul>\n<p><\/font><\/p>\n<p><font color=\"white\">Nuestras ventajas competitivas son: Calidad, Oportunidad de entrega y Personal, respecto del Personal tenemos foco en el cuidado y desarrollo del talento, bas\u00e1ndonos en la gesti\u00f3n del desempe\u00f1o y en un modelo de liderazgo, el cual se desarrolla mediante el autoconocimiento para gestionarse a s\u00ed mismo y de este modo lograr gestionar equipos de trabajo.<\/font><\/p>","protected":false},"excerpt":{"rendered":"<p>Somos una empresa con m\u00e1s de 60 a\u00f1os de experiencia en la fabricaci\u00f3n de Estructuras Met\u00e1licas y en desarrollo de Ingenier\u00eda para diferentes proyectos. Gracias a la calidad de nuestros servicios nos hemos convertido en referente de la industria metalmec\u00e1nica en la regi\u00f3n sur de Am\u00e9rica. La gran demanda de los productos manufacturados por las<\/p>\n","protected":false},"author":9,"featured_media":0,"parent":0,"menu_order":0,"comment_status":"closed","ping_status":"closed","template":"","meta":{"footnotes":""},"class_list":["post-1301","page","type-page","status-publish","hentry"],"_links":{"self":[{"href":"http:\/\/preacero.com\/home\/wp-json\/wp\/v2\/pages\/1301","targetHints":{"allow":["GET"]}}],"collection":[{"href":"http:\/\/preacero.com\/home\/wp-json\/wp\/v2\/pages"}],"about":[{"href":"http:\/\/preacero.com\/home\/wp-json\/wp\/v2\/types\/page"}],"author":[{"embeddable":true,"href":"http:\/\/preacero.com\/home\/wp-json\/wp\/v2\/users\/9"}],"replies":[{"embeddable":true,"href":"http:\/\/preacero.com\/home\/wp-json\/wp\/v2\/comments?post=1301"}],"version-history":[{"count":26,"href":"http:\/\/preacero.com\/home\/wp-json\/wp\/v2\/pages\/1301\/revisions"}],"predecessor-version":[{"id":1929,"href":"http:\/\/preacero.com\/home\/wp-json\/wp\/v2\/pages\/1301\/revisions\/1929"}],"wp:attachment":[{"href":"http:\/\/preacero.com\/home\/wp-json\/wp\/v2\/media?parent=1301"}],"curies":[{"name":"wp","href":"https:\/\/api.w.org\/{rel}","templated":true}]}}