{"id":1305,"date":"2016-04-01T17:29:30","date_gmt":"2016-04-01T21:59:30","guid":{"rendered":"http:\/\/preacero.com\/home\/?page_id=1305"},"modified":"2017-04-07T13:27:39","modified_gmt":"2017-04-07T17:57:39","slug":"seguridad-higiene-y-ambiente","status":"publish","type":"page","link":"http:\/\/preacero.com\/home\/seguridad-higiene-y-ambiente\/","title":{"rendered":"Seguridad, Higiene y Ambiente"},"content":{"rendered":"<p><\/p>\n<p style=\"text-align: justify;\"><font color=\"white\">Nuestros colaboradores son valiosos para nosotros, es por eso que implementamos una Cultura Segura. En ella promovemos la seguridad propia y la de los dem\u00e1s, fomentando el compromiso de pr\u00e1cticas de trabajo seguras y bien establecidas.<\/font><\/p>\n<p><font color=\"white\">Pol\u00edtica de Seguridad, Higiene y Medio Ambiente:<\/font><\/p>\n<p style=\"text-align: justify;\"><em><font color=\"white\">&#8220;La Direcci\u00f3n de Preacero Pellizzari M\u00e9xico S.A. de C.V., teniendo en cuenta su recurso humano, declara su compromiso con el cumplimiento de las leyes y normas nacionales relativas a la Salud, Seguridad, Higiene y Ambiente, mediante un Sistema que asegure la permanente verificaci\u00f3n y retroalimentaci\u00f3n, garantizando as\u00ed la mejora continua. De igual manera se compromete a difundir la importancia que reviste este tema en todo su personal.&#8221;<\/font><\/em><\/p>\n<p style=\"text-align: justify;\"><font color=\"white\">La cultura en SHA de nuestra empresa es un <strong>valor corporativo<\/strong>, nos hace destacados frente a nuestros competidores y es apreciado de manera sobresaliente por nuestros clientes.<\/font><\/p>\n<p style=\"text-align: justify;\"><font color=\"white\">Para alcanzar el objetivo planteado en su pol\u00edtica, Preacero ha implementado su <strong>Cultura Segura PPM<\/strong>, que desarrolla cuatro principios b\u00e1sicos que se viven y practican a diario, empoderando al Personal directamente como primer y principal interesado en la seguridad propia y de sus equipos. Estos principios son:<\/font><\/p>\n<p style=\"text-align: justify;\"><strong><img loading=\"lazy\" decoding=\"async\" class=\"size-full wp-image-1761 alignnone\" src=\"http:\/\/preacero.com\/home\/wp-content\/uploads\/2016\/04\/yo-me-cuido.png\" alt=\"yo me cuido\" width=\"116\" height=\"116\" \/><font color=\"white\">Yo Me Cuido<\/font><\/strong> <font color=\"white\">\/ Recalca la importancia de la salud, la higiene y el cuidado personal de cada uno de nosotros, entendiendo que somos nuestro principal y m\u00e1s importante recurso, que nosotros somos lo m\u00e1s importante de nuestras vidas y que de nosotros dependen las personas que consideramos m\u00e1s importantes para nosotros: nuestras familias.<\/font><\/p>\n<p style=\"text-align: justify;\"><font color=\"white\">De ah\u00ed la importancia de cumplir con la programaci\u00f3n de ex\u00e1menes y chequeos m\u00e9dicos peri\u00f3dicos, cumplir las recomendaciones derivadas de ellas y recordar los sistemas de vigilancia epidemiol\u00f3gica, de indicadores de salud y de alimentaci\u00f3n que tenemos establecidos en nuestra empresa para nuestro bienestar. Se alinea con las campa\u00f1as de AGUA y ALIMENTACI\u00d3N de Preacero, orientadas a incrementar la ingesta de agua, sustituyendo bebidas carbonatadas y sobre azucaradas, as\u00ed como a seguir una dieta balanceada y adecuada al clima y condiciones de trabajo de Preacero.<\/font><\/p>\n<p style=\"text-align: justify;\"><strong><img loading=\"lazy\" decoding=\"async\" class=\"size-full wp-image-1764 alignnone\" src=\"http:\/\/preacero.com\/home\/wp-content\/uploads\/2016\/04\/yo-trabajo-seguro.png\" alt=\"yo trabajo seguro\" width=\"113\" height=\"113\" \/><font color=\"white\">Yo Trabajo Seguro<\/font><\/strong><font color=\"white\">\/ Enfocado a recordar y reforzar todas las pr\u00e1cticas de trabajo seguro que salvan vidas y\/o miembros y est\u00e1n establecidas en nuestra empresa. \u00a0Este principio estimula el reconocimiento y reporte de actos y pr\u00e1cticas tanto seguros, como inseguros; estimula la cultura de observar y sugerir Oportunidades de Mejora \u00a0y\/o Acciones Correctivas (ROMACs) en relaci\u00f3n la seguridad.<\/font><\/p>\n<p style=\"text-align: justify;\"><font color=\"white\">Propone cinco principios clave para trabajar de manera segura: Concentrase en lo que se est\u00e1 haciendo, Usar adecuadamente y siempre los EPPs, Respetar la se\u00f1alizaci\u00f3n, Usar adecuadamente las herramientas de trabajo y Trabajar en Equipo.<\/font><\/p>\n<p style=\"text-align: justify;\"><strong><img loading=\"lazy\" decoding=\"async\" class=\"size-full wp-image-1762 alignnone\" src=\"http:\/\/preacero.com\/home\/wp-content\/uploads\/2016\/04\/yo-protejo-al-medio-ambiente.png\" alt=\"yo protejo al medio ambiente\" width=\"118\" height=\"118\" \/><font color=\"white\">Yo Protejo al Medio Ambiente <\/font><\/strong><font color=\"white\">\/ El enfoque de este principio es recordar y afianzar que una parte importante de la esencia de PPM es trabajar de manera amigable con el medio ambiente, minimizando el impacto que generan nuestras actividades.<\/font><\/p>\n<p><font color=\"white\">Para eso hemos trabajado 5 programas b\u00e1sicos de control sobre los aspectos ambientales significativos de nuestras\u00a0 operaciones:<\/font><br \/>\n<font color=\"white\"><\/p>\n<ol>\n<li>Aire (Estudio\u00a0 de la calidad del aire PM10)<\/li>\n<li>Agua y Energ\u00eda (Estudios trimestral PTAR)<\/li>\n<li>Ruido (Estudio anual ruido perimetral y laboral)<\/li>\n<li>Prevenci\u00f3n y control de derrames<\/li>\n<li>Manejo de residuos s\u00f3lidos y l\u00edquidos (Residuos peligrosos y RME)<\/li>\n<\/ol>\n<p><\/font><\/p>\n<p style=\"text-align: justify;\"><font color=\"white\">Para ser una empresa ambientalmente responsable, Preacero se ha dado de alta (y cumple con las regulaciones impl\u00edcitas) como Generador de Residuos Peligrosos, Generador de Residuos de Manejo Especial, obtuvo su Licencia Ambiental de Funcionamiento, conduce un Programa Integral de Manejo de Residuos y cumple con la normatividad de la STPS.<\/font><\/p>\n<p style=\"text-align: justify;\"><strong><img loading=\"lazy\" decoding=\"async\" class=\"size-full wp-image-1763 alignnone\" src=\"http:\/\/preacero.com\/home\/wp-content\/uploads\/2016\/04\/yo-trabajo-bien-a-la-primera.png\" alt=\"yo trabajo bien a la primera\" width=\"117\" height=\"117\" \/><font color=\"white\">Yo Trabajo bien a la primera<\/font><\/strong> <font color=\"white\">\/ Principio b\u00e1sico de la calidad, y sobre el cual vamos a recordar y fortalecer la gesti\u00f3n de la calidad de nuestra empresa en la b\u00fasqueda de Cero Fallas y Cero incidentes. Propone difundir, afianzar y asumir una actitud coherente con las pol\u00edticas\u00a0 de SHA y QA en PPM.<\/font><\/p>\n<p style=\"text-align: justify;\"><font color=\"white\">Persigue estimular y asumir como h\u00e1bito el compromiso con la calidad en cada acto diario de nuestro trabajo. Propone entender la empresa como una cadena de producci\u00f3n, en la que el trabajo de cada quien es insumo para el trabajo de otra \u00e1rea, otro compa\u00f1ero o el cliente final y propone asumir el m\u00e1ximo compromiso respecto de la tarea con el objetivo de agregar valor y hacer m\u00e1s sencillo el trabajo de los dem\u00e1s y el producto final.<\/font><\/p>\n<p style=\"text-align: justify;\"><font color=\"white\">Implica usar y mejorar permanentemente el sistema de control documental, incluyendo documentar y actualizar Manuales, Procedimientos, Instructivos y Registros. Finalmente implica conducir Auditor\u00edas Internas y Externas y dar seguimiento hasta su cierre de las No Conformidades derivadas.<\/font><\/p>\n<p style=\"text-align: justify;\"><font color=\"white\">Este principio es la base y concepto de mejora continua y persigue como fin \u00faltimo la satisfacci\u00f3n del cliente y calidad del servicio\/productos ofrecidos.<\/font><\/p>\n<p><\/p>","protected":false},"excerpt":{"rendered":"<p>Nuestros colaboradores son valiosos para nosotros, es por eso que implementamos una Cultura Segura. En ella promovemos la seguridad propia y la de los dem\u00e1s, fomentando el compromiso de pr\u00e1cticas de trabajo seguras y bien establecidas. Pol\u00edtica de Seguridad, Higiene y Medio Ambiente: &#8220;La Direcci\u00f3n de Preacero Pellizzari M\u00e9xico S.A. de C.V., teniendo en cuenta<\/p>\n","protected":false},"author":9,"featured_media":0,"parent":0,"menu_order":0,"comment_status":"closed","ping_status":"closed","template":"","meta":{"footnotes":""},"class_list":["post-1305","page","type-page","status-publish","hentry"],"_links":{"self":[{"href":"http:\/\/preacero.com\/home\/wp-json\/wp\/v2\/pages\/1305","targetHints":{"allow":["GET"]}}],"collection":[{"href":"http:\/\/preacero.com\/home\/wp-json\/wp\/v2\/pages"}],"about":[{"href":"http:\/\/preacero.com\/home\/wp-json\/wp\/v2\/types\/page"}],"author":[{"embeddable":true,"href":"http:\/\/preacero.com\/home\/wp-json\/wp\/v2\/users\/9"}],"replies":[{"embeddable":true,"href":"http:\/\/preacero.com\/home\/wp-json\/wp\/v2\/comments?post=1305"}],"version-history":[{"count":56,"href":"http:\/\/preacero.com\/home\/wp-json\/wp\/v2\/pages\/1305\/revisions"}],"predecessor-version":[{"id":1986,"href":"http:\/\/preacero.com\/home\/wp-json\/wp\/v2\/pages\/1305\/revisions\/1986"}],"wp:attachment":[{"href":"http:\/\/preacero.com\/home\/wp-json\/wp\/v2\/media?parent=1305"}],"curies":[{"name":"wp","href":"https:\/\/api.w.org\/{rel}","templated":true}]}}