{"id":1450,"date":"2016-04-05T16:45:52","date_gmt":"2016-04-05T21:15:52","guid":{"rendered":"http:\/\/preacero.com\/home\/?page_id=1450"},"modified":"2017-04-07T11:39:03","modified_gmt":"2017-04-07T16:09:03","slug":"plantas","status":"publish","type":"page","link":"http:\/\/preacero.com\/home\/plantas\/","title":{"rendered":"Plantas"},"content":{"rendered":"<p>\t<style>\r\n\t#sr-slider-1686 .sr-image {\r\n\t  margin: 5px;\r\n\t}\r\n\t#sr-slider-1686 .sr-image img {\r\n\t  display: block;\r\n\t  width: 100%;\r\n\t  height: auto;\r\n\t}\r\n\t#sr-slider-1686 .sr-title {\r\n\t\ttext-align: center;\r\n\t\tfont-weight: bolder;\r\n\t}\r\n\t#sr-slider-1686 .sr-desc {\r\n\t\ttext-align: center;\r\n\t}\r\n\t#sr-slider-1686 .sr-image .sr-link {\r\n\t\ttext-align: center;\r\n\t}\r\n\t\t<\/style>\r\n\t\t<!-- HTML Script Part Start From Here-->\r\n\t<script>\r\n\tjQuery(document).ready(function() {\r\n\t   jQuery(\"#sr-slider-1686\").owlCarousel({ \r\n\t\t\t\/\/ Most important owl features\r\n\t\t\titems : 2,\r\n\r\n\t\t\t\/\/Basic Speeds\r\n\t\t\tslideSpeed : 300,\r\n\t\t\tpaginationSpeed : 300,\r\n\t\t\trewindSpeed : 600,\r\n\r\n\t\t\t\/\/Autoplay\r\n\t\t\tautoPlay : true,\r\n\t\t \r\n\t\t\t\/\/ Navigation\r\n\t\t\tnavigation : false,\r\n\t\t\tnavigationText : [\"Prev\",\"Next\"],\r\n\t\t\trewindNav : true,\r\n\t \r\n\t\t\t\/\/ Responsive \r\n\t\t\tresponsive: true,\r\n\t\t\tresponsiveRefreshRate : 200,\r\n\t\t\tresponsiveBaseWidth: window,\r\n\t\t \r\n\t\t\t\/\/ CSS Styles\r\n\t\t\tbaseClass : \"owl-carousel\",\r\n\t\t\ttheme : \"owl-theme\",\r\n\t\t \r\n\t\t\t\/\/Auto height\r\n\t\t\tautoHeight : false,\r\n\t\t \r\n\t\t\t\/\/Mouse Events\r\n\t\t\tdragBeforeAnimFinish : true,\r\n\t\t\tmouseDrag : true,\r\n\t\t\ttouchDrag : true,\r\n\t\t \r\n\t\t\t\/\/Transitions\r\n\t\t\ttransitionStyle : \"fade\",\r\n\t\t});\r\n\t});\r\n\t<\/script>\r\n\t\t\t<div id=\"sr-slider-1686\">\r\n\t\t\t\t\t\t\t\t<div class=\"sr-image\">\r\n\t\t\t\t\t\t\t\t\t\t\t\t\t<img decoding=\"async\" class=\"lazyOwl\" src=\"http:\/\/preacero.com\/home\/wp-content\/uploads\/2016\/04\/Imagen1-1.jpg\" alt=\"Imagen1\">\r\n\t\t\t\t\t\t\t\t\t\t\t\t\r\n\t\t\t\t\t\t<!--Text Below Slide-->\r\n\t\t\t\t\t\t\t\t\t\t\t\t\r\n\t\t\t\t\t\t\t\t\t\t\t\t\r\n\t\t\t\t\t\t\t\t\t\t\t\t<!--Text Below Slide-->\r\n\t\t\t\t\t<\/div>\r\n\t\t\t\t\t\t\t\t\t\t<div class=\"sr-image\">\r\n\t\t\t\t\t\t\t\t\t\t\t\t\t<img decoding=\"async\" class=\"lazyOwl\" src=\"http:\/\/preacero.com\/home\/wp-content\/uploads\/2016\/04\/Imagen2-2.jpg\" alt=\"Imagen2\">\r\n\t\t\t\t\t\t\t\t\t\t\t\t\r\n\t\t\t\t\t\t<!--Text Below Slide-->\r\n\t\t\t\t\t\t\t\t\t\t\t\t\r\n\t\t\t\t\t\t\t\t\t\t\t\t\r\n\t\t\t\t\t\t\t\t\t\t\t\t<!--Text Below Slide-->\r\n\t\t\t\t\t<\/div>\r\n\t\t\t\t\t\t\t\t\t\t<div class=\"sr-image\">\r\n\t\t\t\t\t\t\t\t\t\t\t\t\t<img decoding=\"async\" class=\"lazyOwl\" src=\"http:\/\/preacero.com\/home\/wp-content\/uploads\/2016\/04\/Imagen4.jpg\" alt=\"Imagen4\">\r\n\t\t\t\t\t\t\t\t\t\t\t\t\r\n\t\t\t\t\t\t<!--Text Below Slide-->\r\n\t\t\t\t\t\t\t\t\t\t\t\t\r\n\t\t\t\t\t\t\t\t\t\t\t\t\r\n\t\t\t\t\t\t\t\t\t\t\t\t<!--Text Below Slide-->\r\n\t\t\t\t\t<\/div>\r\n\t\t\t\t\t\t\t\t\t\t<div class=\"sr-image\">\r\n\t\t\t\t\t\t\t\t\t\t\t\t\t<img decoding=\"async\" class=\"lazyOwl\" src=\"http:\/\/preacero.com\/home\/wp-content\/uploads\/2016\/04\/Imagen5-2.jpg\" alt=\"Imagen5\">\r\n\t\t\t\t\t\t\t\t\t\t\t\t\r\n\t\t\t\t\t\t<!--Text Below Slide-->\r\n\t\t\t\t\t\t\t\t\t\t\t\t\r\n\t\t\t\t\t\t\t\t\t\t\t\t\r\n\t\t\t\t\t\t\t\t\t\t\t\t<!--Text Below Slide-->\r\n\t\t\t\t\t<\/div>\r\n\t\t\t\t\t\t\t\t\t\t<div class=\"sr-image\">\r\n\t\t\t\t\t\t\t\t\t\t\t\t\t<img decoding=\"async\" class=\"lazyOwl\" src=\"http:\/\/preacero.com\/home\/wp-content\/uploads\/2016\/04\/Imagen3-2.jpg\" alt=\"Imagen3\">\r\n\t\t\t\t\t\t\t\t\t\t\t\t\r\n\t\t\t\t\t\t<!--Text Below Slide-->\r\n\t\t\t\t\t\t\t\t\t\t\t\t\r\n\t\t\t\t\t\t\t\t\t\t\t\t\r\n\t\t\t\t\t\t\t\t\t\t\t\t<!--Text Below Slide-->\r\n\t\t\t\t\t<\/div>\r\n\t\t\t\t\t\t\t\t\t\t<div class=\"sr-image\">\r\n\t\t\t\t\t\t\t\t\t\t\t\t\t<img decoding=\"async\" class=\"lazyOwl\" src=\"http:\/\/preacero.com\/home\/wp-content\/uploads\/2016\/04\/Imagen6-1.jpg\" alt=\"Imagen6\">\r\n\t\t\t\t\t\t\t\t\t\t\t\t\r\n\t\t\t\t\t\t<!--Text Below Slide-->\r\n\t\t\t\t\t\t\t\t\t\t\t\t\r\n\t\t\t\t\t\t\t\t\t\t\t\t\r\n\t\t\t\t\t\t\t\t\t\t\t\t<!--Text Below Slide-->\r\n\t\t\t\t\t<\/div>\r\n\t\t\t\t\t\t\t\t\t\t<div class=\"sr-image\">\r\n\t\t\t\t\t\t\t\t\t\t\t\t\t<img decoding=\"async\" class=\"lazyOwl\" src=\"http:\/\/preacero.com\/home\/wp-content\/uploads\/2016\/04\/Imagen7-1.jpg\" alt=\"Imagen7\">\r\n\t\t\t\t\t\t\t\t\t\t\t\t\r\n\t\t\t\t\t\t<!--Text Below Slide-->\r\n\t\t\t\t\t\t\t\t\t\t\t\t\r\n\t\t\t\t\t\t\t\t\t\t\t\t\r\n\t\t\t\t\t\t\t\t\t\t\t\t<!--Text Below Slide-->\r\n\t\t\t\t\t<\/div>\r\n\t\t\t\t\t\t\t<\/div>\r\n\t\t<\/p>\n<p><font color=\"white\">Nuestras plantas ubicadas en distintos puntos de Venezuela cuentan con las siguientes caracter\u00edsticas:<\/font><\/p>\n<p><strong><font color=\"white\">Planta San Cristobal 1<\/font><\/strong><br \/>\n<font color=\"white\"><\/p>\n<ul>\n<li>Especialidad t\u00e9cnica:\u00a0Fabricaci\u00f3n de Estructuras Met\u00e1licas para: Vivienda, \u00c1rea Petrolera, \u00c1reas recreacionales y deportivas, Hospitales etc.<\/li>\n<li>Servicios que ofrece: Elaboraci\u00f3n de Ingenier\u00eda de Taller. Fabricaci\u00f3n de estructuras (Fabricaci\u00f3n con procesos CNC e inspecci\u00f3n\u00a0 visual, y mediante: Tinte penetrante, ultrasonido y\/o radiograf\u00edas). Acabado superficial con limpieza por esferas met\u00e1licas y sistemas de pintura de alta durabilidad. Galvanizado (Sub-contratado). Despacho a sitio de obra. Montaje de las estructuras mediante sistema de empernado.<\/li>\n<\/ul>\n<p><\/font><\/p>\n<p><strong><font color=\"white\">Planta San Cristobal 2<\/font><\/strong><br \/>\n<font color=\"white\"><\/p>\n<ul>\n<li>Especialidad t\u00e9cnica:\u00a0Fabricaci\u00f3n de Puentes y viaductos,\u00a0 y almacenes de planchas.<\/li>\n<li>Servicios que ofrece:\u00a0Elaboraci\u00f3n de Ingenier\u00eda de Taller. Fabricaci\u00f3n de estructuras (Fabricaci\u00f3n con procesos CNC e inspecci\u00f3n visual y mediante: Tinte penetrante, ultrasonido\u00a0 y\/o radiograf\u00edas). Acabado superficial con limpieza por esferas met\u00e1licas y sistemas de pintura de alta durabilidad. Galvanizado (Sub-contratado). Despacho a sitio de obra. Montaje de las estructuras mediante sistema de empernado.<\/li>\n<\/ul>\n<p><\/font><\/p>\n<p><strong><font color=\"white\">Planta San Cristobal 3<\/font><\/strong><br \/>\n<font color=\"white\"><\/p>\n<ul>\n<li>Especialidad t\u00e9cnica:\u00a0Fabricaci\u00f3n de recipientes para usos con alta presi\u00f3n bajo certificaci\u00f3n ASME, ductos y estructuras de gran tama\u00f1o.<\/li>\n<li>Servicios que ofrece:\u00a0Elaboraci\u00f3n de Ingenier\u00eda de Taller. Fabricaci\u00f3n de estructuras (Fabricaci\u00f3n con procesos CNC e inspecci\u00f3n\u00a0 visual y mediante: Tinte penetrante, ultrasonido y\/o radiograf\u00edas). Acabado superficial con limpieza por esferas met\u00e1licas y sistemas de pintura de alta durabilidad. Galvanizado (Sub-contratado). Despacho a sitio de obra. Montaje de las estructuras mediante sistema de empernado.<\/li>\n<\/ul>\n<p><\/font><\/p>\n<p><strong><font color=\"white\">Planta San Cristobal 4<\/font><\/strong><br \/>\n<font color=\"white\"><\/p>\n<ul>\n<li>Especialidad t\u00e9cnica:\u00a0Fabricaci\u00f3n de Estructuras Met\u00e1licas para: Vivienda, \u00c1rea Petrolera, \u00c1reas recreacionales y deportivas, Hospitales etc.<\/li>\n<li>Servicios que ofrece:\u00a0Elaboraci\u00f3n de Ingenier\u00eda de Taller. Fabricaci\u00f3n de estructuras (Fabricaci\u00f3n con procesos CNC e inspecci\u00f3n\u00a0 visual y mediante: Tinte penetrante, ultrasonido y\/o radiograf\u00edas). Acabado superficial con limpieza por esferas met\u00e1licas y sistemas de pintura de alta durabilidad. Galvanizado (Sub-contratado). Despacho a sitio de obra. Montaje de las estructuras mediante sistema de empernado.<\/li>\n<\/ul>\n<p><\/font><\/p>\n<p><strong><font color=\"white\">Industrias Met\u00e1licas Pellizzari<\/font><\/strong><br \/>\n<font color=\"white\"><\/p>\n<ul>\n<li>Especialidad t\u00e9cnica:\u00a0Fabricaci\u00f3n estructuras Extra livianas.<\/li>\n<li>Servicios que ofrece:\u00a0Elaboraci\u00f3n de Ingenier\u00eda de Taller. Fabricaci\u00f3n de estructuras (Fabricaci\u00f3n con procesos CNC e inspecci\u00f3n\u00a0 visual y mediante: Tinte penetrante, ultrasonido y\/o radiograf\u00edas). Acabado superficial con limpieza por esferas met\u00e1licas y sistemas de pintura de alta durabilidad. Galvanizado (Sub-contratado). Despacho a sitio de obra. Montaje de las estructuras mediante sistema de empernado.<\/li>\n<\/ul>\n<p><strong><font color=\"white\">Valencia<\/font><\/strong><\/p>\n<ul>\n<li>Especialidad t\u00e9cnica:\u00a0Fabricaci\u00f3n de puentes y viaductos.<\/li>\n<\/ul>\n<p><\/font><\/p>","protected":false},"excerpt":{"rendered":"<p>Nuestras plantas ubicadas en distintos puntos de Venezuela cuentan con las siguientes caracter\u00edsticas: Planta San Cristobal 1 Especialidad t\u00e9cnica:\u00a0Fabricaci\u00f3n de Estructuras Met\u00e1licas para: Vivienda, \u00c1rea Petrolera, \u00c1reas recreacionales y deportivas, Hospitales etc. Servicios que ofrece: Elaboraci\u00f3n de Ingenier\u00eda de Taller. Fabricaci\u00f3n de estructuras (Fabricaci\u00f3n con procesos CNC e inspecci\u00f3n\u00a0 visual, y mediante: Tinte penetrante, ultrasonido<\/p>\n","protected":false},"author":9,"featured_media":0,"parent":0,"menu_order":0,"comment_status":"closed","ping_status":"closed","template":"","meta":{"footnotes":""},"class_list":["post-1450","page","type-page","status-publish","hentry"],"_links":{"self":[{"href":"http:\/\/preacero.com\/home\/wp-json\/wp\/v2\/pages\/1450","targetHints":{"allow":["GET"]}}],"collection":[{"href":"http:\/\/preacero.com\/home\/wp-json\/wp\/v2\/pages"}],"about":[{"href":"http:\/\/preacero.com\/home\/wp-json\/wp\/v2\/types\/page"}],"author":[{"embeddable":true,"href":"http:\/\/preacero.com\/home\/wp-json\/wp\/v2\/users\/9"}],"replies":[{"embeddable":true,"href":"http:\/\/preacero.com\/home\/wp-json\/wp\/v2\/comments?post=1450"}],"version-history":[{"count":15,"href":"http:\/\/preacero.com\/home\/wp-json\/wp\/v2\/pages\/1450\/revisions"}],"predecessor-version":[{"id":1932,"href":"http:\/\/preacero.com\/home\/wp-json\/wp\/v2\/pages\/1450\/revisions\/1932"}],"wp:attachment":[{"href":"http:\/\/preacero.com\/home\/wp-json\/wp\/v2\/media?parent=1450"}],"curies":[{"name":"wp","href":"https:\/\/api.w.org\/{rel}","templated":true}]}}