{"id":1466,"date":"2016-04-01T12:52:49","date_gmt":"2016-04-01T17:22:49","guid":{"rendered":"http:\/\/preacero.com\/home\/?page_id=1466"},"modified":"2017-09-18T17:57:37","modified_gmt":"2017-09-18T22:27:37","slug":"petroquimica-mineria-y-gas-2-0","status":"publish","type":"page","link":"http:\/\/preacero.com\/home\/petroquimica-mineria-y-gas-2-0\/","title":{"rendered":"Petroqu\u00edmica, miner\u00eda y gas"},"content":{"rendered":"<p>\t<style>\r\n\t#sr-slider-1464 .sr-image {\r\n\t  margin: 5px;\r\n\t}\r\n\t#sr-slider-1464 .sr-image img {\r\n\t  display: block;\r\n\t  width: 100%;\r\n\t  height: auto;\r\n\t}\r\n\t#sr-slider-1464 .sr-title {\r\n\t\ttext-align: center;\r\n\t\tfont-weight: bolder;\r\n\t}\r\n\t#sr-slider-1464 .sr-desc {\r\n\t\ttext-align: center;\r\n\t}\r\n\t#sr-slider-1464 .sr-image .sr-link {\r\n\t\ttext-align: center;\r\n\t}\r\n\t\t<\/style>\r\n\t\t<!-- HTML Script Part Start From Here-->\r\n\t<script>\r\n\tjQuery(document).ready(function() {\r\n\t   jQuery(\"#sr-slider-1464\").owlCarousel({ \r\n\t\t\t\/\/ Most important owl features\r\n\t\t\titems : 1,\r\n\r\n\t\t\t\/\/Basic Speeds\r\n\t\t\tslideSpeed : 200,\r\n\t\t\tpaginationSpeed : 200,\r\n\t\t\trewindSpeed : 400,\r\n\r\n\t\t\t\/\/Autoplay\r\n\t\t\tautoPlay : true,\r\n\t\t \r\n\t\t\t\/\/ Navigation\r\n\t\t\tnavigation : false,\r\n\t\t\tnavigationText : [\"Prev\",\"Next\"],\r\n\t\t\trewindNav : true,\r\n\t \r\n\t\t\t\/\/ Responsive \r\n\t\t\tresponsive: true,\r\n\t\t\tresponsiveRefreshRate : 200,\r\n\t\t\tresponsiveBaseWidth: window,\r\n\t\t \r\n\t\t\t\/\/ CSS Styles\r\n\t\t\tbaseClass : \"owl-carousel\",\r\n\t\t\ttheme : \"owl-theme\",\r\n\t\t \r\n\t\t\t\/\/Auto height\r\n\t\t\tautoHeight : true,\r\n\t\t \r\n\t\t\t\/\/Mouse Events\r\n\t\t\tdragBeforeAnimFinish : true,\r\n\t\t\tmouseDrag : true,\r\n\t\t\ttouchDrag : true,\r\n\t\t \r\n\t\t\t\/\/Transitions\r\n\t\t\ttransitionStyle : \"fade\",\r\n\t\t});\r\n\t});\r\n\t<\/script>\r\n\t\t\t<div id=\"sr-slider-1464\">\r\n\t\t\t\t\t\t\t\t<div class=\"sr-image\">\r\n\t\t\t\t\t\t\t\t\t\t\t\t\t<img decoding=\"async\" class=\"lazyOwl\" src=\"http:\/\/preacero.com\/home\/wp-content\/uploads\/2016\/04\/MORON-02-NOVIEMBRE-2009-006.jpg\" alt=\"MORON 02 NOVIEMBRE 2009 006\">\r\n\t\t\t\t\t\t\t\t\t\t\t\t\r\n\t\t\t\t\t\t<!--Text Below Slide-->\r\n\t\t\t\t\t\t\t\t\t\t\t\t\r\n\t\t\t\t\t\t\t\t\t\t\t\t<div class=\"sr-desc\"><\/div>\r\n\t\t\t\t\t\t\t\t\t\t\t\t\r\n\t\t\t\t\t\t\t\t\t\t\t\t<!--Text Below Slide-->\r\n\t\t\t\t\t<\/div>\r\n\t\t\t\t\t\t\t\t\t\t<div class=\"sr-image\">\r\n\t\t\t\t\t\t\t\t\t\t\t\t\t<img decoding=\"async\" class=\"lazyOwl\" src=\"http:\/\/preacero.com\/home\/wp-content\/uploads\/2016\/04\/Imagen3-1.jpg\" alt=\"Imagen3\">\r\n\t\t\t\t\t\t\t\t\t\t\t\t\r\n\t\t\t\t\t\t<!--Text Below Slide-->\r\n\t\t\t\t\t\t\t\t\t\t\t\t\r\n\t\t\t\t\t\t\t\t\t\t\t\t<div class=\"sr-desc\"><\/div>\r\n\t\t\t\t\t\t\t\t\t\t\t\t\r\n\t\t\t\t\t\t\t\t\t\t\t\t<!--Text Below Slide-->\r\n\t\t\t\t\t<\/div>\r\n\t\t\t\t\t\t\t\t\t\t<div class=\"sr-image\">\r\n\t\t\t\t\t\t\t\t\t\t\t\t\t<img decoding=\"async\" class=\"lazyOwl\" src=\"http:\/\/preacero.com\/home\/wp-content\/uploads\/2016\/04\/Imagen2.jpg\" alt=\"Imagen2\">\r\n\t\t\t\t\t\t\t\t\t\t\t\t\r\n\t\t\t\t\t\t<!--Text Below Slide-->\r\n\t\t\t\t\t\t\t\t\t\t\t\t\r\n\t\t\t\t\t\t\t\t\t\t\t\t<div class=\"sr-desc\"><\/div>\r\n\t\t\t\t\t\t\t\t\t\t\t\t\r\n\t\t\t\t\t\t\t\t\t\t\t\t<!--Text Below Slide-->\r\n\t\t\t\t\t<\/div>\r\n\t\t\t\t\t\t\t\t\t\t<div class=\"sr-image\">\r\n\t\t\t\t\t\t\t\t\t\t\t\t\t<img decoding=\"async\" class=\"lazyOwl\" src=\"http:\/\/preacero.com\/home\/wp-content\/uploads\/2016\/04\/HPIM2594.jpg\" alt=\"HPIM2594\">\r\n\t\t\t\t\t\t\t\t\t\t\t\t\r\n\t\t\t\t\t\t<!--Text Below Slide-->\r\n\t\t\t\t\t\t\t\t\t\t\t\t\r\n\t\t\t\t\t\t\t\t\t\t\t\t<div class=\"sr-desc\"><\/div>\r\n\t\t\t\t\t\t\t\t\t\t\t\t\r\n\t\t\t\t\t\t\t\t\t\t\t\t<!--Text Below Slide-->\r\n\t\t\t\t\t<\/div>\r\n\t\t\t\t\t\t\t\t\t\t<div class=\"sr-image\">\r\n\t\t\t\t\t\t\t\t\t\t\t\t\t<img decoding=\"async\" class=\"lazyOwl\" src=\"http:\/\/preacero.com\/home\/wp-content\/uploads\/2016\/04\/HPIM2559.jpg\" alt=\"HPIM2559\">\r\n\t\t\t\t\t\t\t\t\t\t\t\t\r\n\t\t\t\t\t\t<!--Text Below Slide-->\r\n\t\t\t\t\t\t\t\t\t\t\t\t\r\n\t\t\t\t\t\t\t\t\t\t\t\t<div class=\"sr-desc\"><\/div>\r\n\t\t\t\t\t\t\t\t\t\t\t\t\r\n\t\t\t\t\t\t\t\t\t\t\t\t<!--Text Below Slide-->\r\n\t\t\t\t\t<\/div>\r\n\t\t\t\t\t\t\t\t\t\t<div class=\"sr-image\">\r\n\t\t\t\t\t\t\t\t\t\t\t\t\t<img decoding=\"async\" class=\"lazyOwl\" src=\"http:\/\/preacero.com\/home\/wp-content\/uploads\/2016\/04\/HPIM2588.jpg\" alt=\"HPIM2588\">\r\n\t\t\t\t\t\t\t\t\t\t\t\t\r\n\t\t\t\t\t\t<!--Text Below Slide-->\r\n\t\t\t\t\t\t\t\t\t\t\t\t\r\n\t\t\t\t\t\t\t\t\t\t\t\t<div class=\"sr-desc\"><\/div>\r\n\t\t\t\t\t\t\t\t\t\t\t\t\r\n\t\t\t\t\t\t\t\t\t\t\t\t<!--Text Below Slide-->\r\n\t\t\t\t\t<\/div>\r\n\t\t\t\t\t\t\t\t\t\t<div class=\"sr-image\">\r\n\t\t\t\t\t\t\t\t\t\t\t\t\t<img decoding=\"async\" class=\"lazyOwl\" src=\"http:\/\/preacero.com\/home\/wp-content\/uploads\/2016\/04\/HPIM2557.jpg\" alt=\"HPIM2557\">\r\n\t\t\t\t\t\t\t\t\t\t\t\t\r\n\t\t\t\t\t\t<!--Text Below Slide-->\r\n\t\t\t\t\t\t\t\t\t\t\t\t\r\n\t\t\t\t\t\t\t\t\t\t\t\t<div class=\"sr-desc\"><\/div>\r\n\t\t\t\t\t\t\t\t\t\t\t\t\r\n\t\t\t\t\t\t\t\t\t\t\t\t<!--Text Below Slide-->\r\n\t\t\t\t\t<\/div>\r\n\t\t\t\t\t\t\t\t\t\t<div class=\"sr-image\">\r\n\t\t\t\t\t\t\t\t\t\t\t\t\t<img decoding=\"async\" class=\"lazyOwl\" src=\"http:\/\/preacero.com\/home\/wp-content\/uploads\/2016\/04\/HPIM2555.jpg\" alt=\"HPIM2555\">\r\n\t\t\t\t\t\t\t\t\t\t\t\t\r\n\t\t\t\t\t\t<!--Text Below Slide-->\r\n\t\t\t\t\t\t\t\t\t\t\t\t\r\n\t\t\t\t\t\t\t\t\t\t\t\t<div class=\"sr-desc\"><\/div>\r\n\t\t\t\t\t\t\t\t\t\t\t\t\r\n\t\t\t\t\t\t\t\t\t\t\t\t<!--Text Below Slide-->\r\n\t\t\t\t\t<\/div>\r\n\t\t\t\t\t\t\t\t\t\t<div class=\"sr-image\">\r\n\t\t\t\t\t\t\t\t\t\t\t\t\t<img decoding=\"async\" class=\"lazyOwl\" src=\"http:\/\/preacero.com\/home\/wp-content\/uploads\/2016\/04\/HPIM2549.jpg\" alt=\"HPIM2549\">\r\n\t\t\t\t\t\t\t\t\t\t\t\t\r\n\t\t\t\t\t\t<!--Text Below Slide-->\r\n\t\t\t\t\t\t\t\t\t\t\t\t\r\n\t\t\t\t\t\t\t\t\t\t\t\t<div class=\"sr-desc\"><\/div>\r\n\t\t\t\t\t\t\t\t\t\t\t\t\r\n\t\t\t\t\t\t\t\t\t\t\t\t<!--Text Below Slide-->\r\n\t\t\t\t\t<\/div>\r\n\t\t\t\t\t\t\t\t\t\t<div class=\"sr-image\">\r\n\t\t\t\t\t\t\t\t\t\t\t\t\t<img decoding=\"async\" class=\"lazyOwl\" src=\"http:\/\/preacero.com\/home\/wp-content\/uploads\/2016\/04\/HPIM2544.jpg\" alt=\"HPIM2544\">\r\n\t\t\t\t\t\t\t\t\t\t\t\t\r\n\t\t\t\t\t\t<!--Text Below Slide-->\r\n\t\t\t\t\t\t\t\t\t\t\t\t\r\n\t\t\t\t\t\t\t\t\t\t\t\t<div class=\"sr-desc\"><\/div>\r\n\t\t\t\t\t\t\t\t\t\t\t\t\r\n\t\t\t\t\t\t\t\t\t\t\t\t<!--Text Below Slide-->\r\n\t\t\t\t\t<\/div>\r\n\t\t\t\t\t\t\t\t\t\t<div class=\"sr-image\">\r\n\t\t\t\t\t\t\t\t\t\t\t\t\t<img decoding=\"async\" class=\"lazyOwl\" src=\"http:\/\/preacero.com\/home\/wp-content\/uploads\/2016\/04\/DSCF0021.jpg\" alt=\"DSCF0021\">\r\n\t\t\t\t\t\t\t\t\t\t\t\t\r\n\t\t\t\t\t\t<!--Text Below Slide-->\r\n\t\t\t\t\t\t\t\t\t\t\t\t\r\n\t\t\t\t\t\t\t\t\t\t\t\t<div class=\"sr-desc\"><\/div>\r\n\t\t\t\t\t\t\t\t\t\t\t\t\r\n\t\t\t\t\t\t\t\t\t\t\t\t<!--Text Below Slide-->\r\n\t\t\t\t\t<\/div>\r\n\t\t\t\t\t\t\t\t\t\t<div class=\"sr-image\">\r\n\t\t\t\t\t\t\t\t\t\t\t\t\t<img decoding=\"async\" class=\"lazyOwl\" src=\"http:\/\/preacero.com\/home\/wp-content\/uploads\/2016\/04\/CHUTES-1.jpg\" alt=\"OLYMPUS DIGITAL CAMERA\">\r\n\t\t\t\t\t\t\t\t\t\t\t\t\r\n\t\t\t\t\t\t<!--Text Below Slide-->\r\n\t\t\t\t\t\t\t\t\t\t\t\t\r\n\t\t\t\t\t\t\t\t\t\t\t\t<div class=\"sr-desc\"><\/div>\r\n\t\t\t\t\t\t\t\t\t\t\t\t\r\n\t\t\t\t\t\t\t\t\t\t\t\t<!--Text Below Slide-->\r\n\t\t\t\t\t<\/div>\r\n\t\t\t\t\t\t\t<\/div>\r\n\t\t<\/p>\n<p style=\"text-align: justify;\"><font color=\"white\">El nivel de desempe\u00f1o exigido en este medio ha sido un factor constante en el desarrollo del grupo, impuls\u00e1ndolo a generar respuestas r\u00e1pidas, flexibles y creativas.\u00a0Nuestra vasta experiencia en esta \u00e1rea ha agregado valor en el desarrollo de proyectos desde el dise\u00f1o hasta la implementaci\u00f3n\u00a0en campo, lo que ha permitido mitigar las limitaciones del entorno, aprovechando los recursos y capacidades para dar pronta respuesta sin comprometer los requerimientos de calidad.<\/font><\/p>\n<p><\/p>","protected":false},"excerpt":{"rendered":"<p>El nivel de desempe\u00f1o exigido en este medio ha sido un factor constante en el desarrollo del grupo, impuls\u00e1ndolo a generar respuestas r\u00e1pidas, flexibles y creativas.\u00a0Nuestra vasta experiencia en esta \u00e1rea ha agregado valor en el desarrollo de proyectos desde el dise\u00f1o hasta la implementaci\u00f3n\u00a0en campo, lo que ha permitido mitigar las limitaciones del entorno,<\/p>\n","protected":false},"author":9,"featured_media":0,"parent":0,"menu_order":0,"comment_status":"closed","ping_status":"closed","template":"","meta":{"footnotes":""},"class_list":["post-1466","page","type-page","status-publish","hentry"],"_links":{"self":[{"href":"http:\/\/preacero.com\/home\/wp-json\/wp\/v2\/pages\/1466","targetHints":{"allow":["GET"]}}],"collection":[{"href":"http:\/\/preacero.com\/home\/wp-json\/wp\/v2\/pages"}],"about":[{"href":"http:\/\/preacero.com\/home\/wp-json\/wp\/v2\/types\/page"}],"author":[{"embeddable":true,"href":"http:\/\/preacero.com\/home\/wp-json\/wp\/v2\/users\/9"}],"replies":[{"embeddable":true,"href":"http:\/\/preacero.com\/home\/wp-json\/wp\/v2\/comments?post=1466"}],"version-history":[{"count":13,"href":"http:\/\/preacero.com\/home\/wp-json\/wp\/v2\/pages\/1466\/revisions"}],"predecessor-version":[{"id":2018,"href":"http:\/\/preacero.com\/home\/wp-json\/wp\/v2\/pages\/1466\/revisions\/2018"}],"wp:attachment":[{"href":"http:\/\/preacero.com\/home\/wp-json\/wp\/v2\/media?parent=1466"}],"curies":[{"name":"wp","href":"https:\/\/api.w.org\/{rel}","templated":true}]}}