{"id":1499,"date":"2016-04-01T14:21:02","date_gmt":"2016-04-01T18:51:02","guid":{"rendered":"http:\/\/preacero.com\/home\/?page_id=1499"},"modified":"2017-04-07T16:03:01","modified_gmt":"2017-04-07T20:33:01","slug":"mecanica-pesada-test","status":"publish","type":"page","link":"http:\/\/preacero.com\/home\/mecanica-pesada-test\/","title":{"rendered":"Mec\u00e1nica Pesada"},"content":{"rendered":"<p>\t<style>\r\n\t#sr-slider-1500 .sr-image {\r\n\t  margin: 5px;\r\n\t}\r\n\t#sr-slider-1500 .sr-image img {\r\n\t  display: block;\r\n\t  width: 100%;\r\n\t  height: auto;\r\n\t}\r\n\t#sr-slider-1500 .sr-title {\r\n\t\ttext-align: center;\r\n\t\tfont-weight: bolder;\r\n\t}\r\n\t#sr-slider-1500 .sr-desc {\r\n\t\ttext-align: center;\r\n\t}\r\n\t#sr-slider-1500 .sr-image .sr-link {\r\n\t\ttext-align: center;\r\n\t}\r\n\t\t<\/style>\r\n\t\t<!-- HTML Script Part Start From Here-->\r\n\t<script>\r\n\tjQuery(document).ready(function() {\r\n\t   jQuery(\"#sr-slider-1500\").owlCarousel({ \r\n\t\t\t\/\/ Most important owl features\r\n\t\t\titems : 1,\r\n\r\n\t\t\t\/\/Basic Speeds\r\n\t\t\tslideSpeed : 200,\r\n\t\t\tpaginationSpeed : 200,\r\n\t\t\trewindSpeed : 400,\r\n\r\n\t\t\t\/\/Autoplay\r\n\t\t\tautoPlay : true,\r\n\t\t \r\n\t\t\t\/\/ Navigation\r\n\t\t\tnavigation : false,\r\n\t\t\tnavigationText : [\"Prev\",\"Next\"],\r\n\t\t\trewindNav : true,\r\n\t \r\n\t\t\t\/\/ Responsive \r\n\t\t\tresponsive: true,\r\n\t\t\tresponsiveRefreshRate : 200,\r\n\t\t\tresponsiveBaseWidth: window,\r\n\t\t \r\n\t\t\t\/\/ CSS Styles\r\n\t\t\tbaseClass : \"owl-carousel\",\r\n\t\t\ttheme : \"owl-theme\",\r\n\t\t \r\n\t\t\t\/\/Auto height\r\n\t\t\tautoHeight : true,\r\n\t\t \r\n\t\t\t\/\/Mouse Events\r\n\t\t\tdragBeforeAnimFinish : true,\r\n\t\t\tmouseDrag : true,\r\n\t\t\ttouchDrag : true,\r\n\t\t \r\n\t\t\t\/\/Transitions\r\n\t\t\ttransitionStyle : \"fade\",\r\n\t\t});\r\n\t});\r\n\t<\/script>\r\n\t\t\t<div id=\"sr-slider-1500\">\r\n\t\t\t\t\t\t\t\t<div class=\"sr-image\">\r\n\t\t\t\t\t\t\t\t\t\t\t\t\t<img decoding=\"async\" class=\"lazyOwl\" src=\"http:\/\/preacero.com\/home\/wp-content\/uploads\/2016\/04\/Imagen1.jpg\" alt=\"Imagen1\">\r\n\t\t\t\t\t\t\t\t\t\t\t\t\r\n\t\t\t\t\t\t<!--Text Below Slide-->\r\n\t\t\t\t\t\t\t\t\t\t\t\t\r\n\t\t\t\t\t\t\t\t\t\t\t\t\r\n\t\t\t\t\t\t\t\t\t\t\t\t<!--Text Below Slide-->\r\n\t\t\t\t\t<\/div>\r\n\t\t\t\t\t\t\t\t\t\t<div class=\"sr-image\">\r\n\t\t\t\t\t\t\t\t\t\t\t\t\t<img decoding=\"async\" class=\"lazyOwl\" src=\"http:\/\/preacero.com\/home\/wp-content\/uploads\/2016\/04\/Imagen6.jpg\" alt=\"Imagen6\">\r\n\t\t\t\t\t\t\t\t\t\t\t\t\r\n\t\t\t\t\t\t<!--Text Below Slide-->\r\n\t\t\t\t\t\t\t\t\t\t\t\t\r\n\t\t\t\t\t\t\t\t\t\t\t\t\r\n\t\t\t\t\t\t\t\t\t\t\t\t<!--Text Below Slide-->\r\n\t\t\t\t\t<\/div>\r\n\t\t\t\t\t\t\t<\/div>\r\n\t\t<\/p>\n<p style=\"text-align: justify;\"><font color=\"white\">Ejecutar proyectos mec\u00e1nicos exige gran capacidad t\u00e9cnica y conocimiento. Esto se traduce en exigentes condiciones de fabricaci\u00f3n, tolerancias m\u00ednimas y apego a normativas internacionalmente reconocidas.<\/font><\/p>\n<p style=\"text-align: justify;\"><font color=\"white\">Nuestro mercado nos ha llevado a ejecutar una variada gama de proyectos que nos han hecho desarrollar competencias en m\u00faltiples \u00e1reas a lo largo de los a\u00f1os. De all\u00ed que la experiencia acumulada nos permita afrontar proyectos mec\u00e1nicos diversos de manera integrada y eficiente con diversos proveedores.<\/font><\/p>\n<p><\/p>","protected":false},"excerpt":{"rendered":"<p>Ejecutar proyectos mec\u00e1nicos exige gran capacidad t\u00e9cnica y conocimiento. Esto se traduce en exigentes condiciones de fabricaci\u00f3n, tolerancias m\u00ednimas y apego a normativas internacionalmente reconocidas. Nuestro mercado nos ha llevado a ejecutar una variada gama de proyectos que nos han hecho desarrollar competencias en m\u00faltiples \u00e1reas a lo largo de los a\u00f1os. De all\u00ed que<\/p>\n","protected":false},"author":9,"featured_media":0,"parent":0,"menu_order":0,"comment_status":"closed","ping_status":"closed","template":"","meta":{"footnotes":""},"class_list":["post-1499","page","type-page","status-publish","hentry"],"_links":{"self":[{"href":"http:\/\/preacero.com\/home\/wp-json\/wp\/v2\/pages\/1499","targetHints":{"allow":["GET"]}}],"collection":[{"href":"http:\/\/preacero.com\/home\/wp-json\/wp\/v2\/pages"}],"about":[{"href":"http:\/\/preacero.com\/home\/wp-json\/wp\/v2\/types\/page"}],"author":[{"embeddable":true,"href":"http:\/\/preacero.com\/home\/wp-json\/wp\/v2\/users\/9"}],"replies":[{"embeddable":true,"href":"http:\/\/preacero.com\/home\/wp-json\/wp\/v2\/comments?post=1499"}],"version-history":[{"count":7,"href":"http:\/\/preacero.com\/home\/wp-json\/wp\/v2\/pages\/1499\/revisions"}],"predecessor-version":[{"id":2020,"href":"http:\/\/preacero.com\/home\/wp-json\/wp\/v2\/pages\/1499\/revisions\/2020"}],"wp:attachment":[{"href":"http:\/\/preacero.com\/home\/wp-json\/wp\/v2\/media?parent=1499"}],"curies":[{"name":"wp","href":"https:\/\/api.w.org\/{rel}","templated":true}]}}