{"id":1505,"date":"2016-04-01T14:34:00","date_gmt":"2016-04-01T19:04:00","guid":{"rendered":"http:\/\/preacero.com\/home\/?page_id=1505"},"modified":"2017-06-13T08:44:01","modified_gmt":"2017-06-13T13:14:01","slug":"vialidades-puentes-y-viaductos-test","status":"publish","type":"page","link":"http:\/\/preacero.com\/home\/vialidades-puentes-y-viaductos-test\/","title":{"rendered":"Vialidades, puentes y viaductos"},"content":{"rendered":"<p>\t<style>\r\n\t#sr-slider-1506 .sr-image {\r\n\t  margin: 5px;\r\n\t}\r\n\t#sr-slider-1506 .sr-image img {\r\n\t  display: block;\r\n\t  width: 100%;\r\n\t  height: auto;\r\n\t}\r\n\t#sr-slider-1506 .sr-title {\r\n\t\ttext-align: center;\r\n\t\tfont-weight: bolder;\r\n\t}\r\n\t#sr-slider-1506 .sr-desc {\r\n\t\ttext-align: center;\r\n\t}\r\n\t#sr-slider-1506 .sr-image .sr-link {\r\n\t\ttext-align: center;\r\n\t}\r\n\t\t<\/style>\r\n\t\t<!-- HTML Script Part Start From Here-->\r\n\t<script>\r\n\tjQuery(document).ready(function() {\r\n\t   jQuery(\"#sr-slider-1506\").owlCarousel({ \r\n\t\t\t\/\/ Most important owl features\r\n\t\t\titems : 1,\r\n\r\n\t\t\t\/\/Basic Speeds\r\n\t\t\tslideSpeed : 200,\r\n\t\t\tpaginationSpeed : 200,\r\n\t\t\trewindSpeed : 400,\r\n\r\n\t\t\t\/\/Autoplay\r\n\t\t\tautoPlay : true,\r\n\t\t \r\n\t\t\t\/\/ Navigation\r\n\t\t\tnavigation : false,\r\n\t\t\tnavigationText : [\"Prev\",\"Next\"],\r\n\t\t\trewindNav : true,\r\n\t \r\n\t\t\t\/\/ Responsive \r\n\t\t\tresponsive: true,\r\n\t\t\tresponsiveRefreshRate : 200,\r\n\t\t\tresponsiveBaseWidth: window,\r\n\t\t \r\n\t\t\t\/\/ CSS Styles\r\n\t\t\tbaseClass : \"owl-carousel\",\r\n\t\t\ttheme : \"owl-theme\",\r\n\t\t \r\n\t\t\t\/\/Auto height\r\n\t\t\tautoHeight : true,\r\n\t\t \r\n\t\t\t\/\/Mouse Events\r\n\t\t\tdragBeforeAnimFinish : true,\r\n\t\t\tmouseDrag : true,\r\n\t\t\ttouchDrag : true,\r\n\t\t \r\n\t\t\t\/\/Transitions\r\n\t\t\ttransitionStyle : \"fade\",\r\n\t\t});\r\n\t});\r\n\t<\/script>\r\n\t\t\t<div id=\"sr-slider-1506\">\r\n\t\t\t\t\t\t\t\t<div class=\"sr-image\">\r\n\t\t\t\t\t\t\t\t\t\t\t\t\t<img decoding=\"async\" class=\"lazyOwl\" src=\"http:\/\/preacero.com\/home\/wp-content\/uploads\/2016\/04\/Imagen7.jpg\" alt=\"Imagen7\">\r\n\t\t\t\t\t\t\t\t\t\t\t\t\r\n\t\t\t\t\t\t<!--Text Below Slide-->\r\n\t\t\t\t\t\t\t\t\t\t\t\t\r\n\t\t\t\t\t\t\t\t\t\t\t\t\r\n\t\t\t\t\t\t\t\t\t\t\t\t<!--Text Below Slide-->\r\n\t\t\t\t\t<\/div>\r\n\t\t\t\t\t\t\t\t\t\t<div class=\"sr-image\">\r\n\t\t\t\t\t\t\t\t\t\t\t\t\t<img decoding=\"async\" class=\"lazyOwl\" src=\"http:\/\/preacero.com\/home\/wp-content\/uploads\/2016\/04\/Imagen8.jpg\" alt=\"Imagen8\">\r\n\t\t\t\t\t\t\t\t\t\t\t\t\r\n\t\t\t\t\t\t<!--Text Below Slide-->\r\n\t\t\t\t\t\t\t\t\t\t\t\t\r\n\t\t\t\t\t\t\t\t\t\t\t\t\r\n\t\t\t\t\t\t\t\t\t\t\t\t<!--Text Below Slide-->\r\n\t\t\t\t\t<\/div>\r\n\t\t\t\t\t\t\t\t\t\t<div class=\"sr-image\">\r\n\t\t\t\t\t\t\t\t\t\t\t\t\t<img decoding=\"async\" class=\"lazyOwl\" src=\"http:\/\/preacero.com\/home\/wp-content\/uploads\/2016\/04\/Imagen3.jpg\" alt=\"Imagen3\">\r\n\t\t\t\t\t\t\t\t\t\t\t\t\r\n\t\t\t\t\t\t<!--Text Below Slide-->\r\n\t\t\t\t\t\t\t\t\t\t\t\t\r\n\t\t\t\t\t\t\t\t\t\t\t\t\r\n\t\t\t\t\t\t\t\t\t\t\t\t<!--Text Below Slide-->\r\n\t\t\t\t\t<\/div>\r\n\t\t\t\t\t\t\t\t\t\t<div class=\"sr-image\">\r\n\t\t\t\t\t\t\t\t\t\t\t\t\t<img decoding=\"async\" class=\"lazyOwl\" src=\"http:\/\/preacero.com\/home\/wp-content\/uploads\/2016\/04\/Imagen5-1.jpg\" alt=\"Imagen5\">\r\n\t\t\t\t\t\t\t\t\t\t\t\t\r\n\t\t\t\t\t\t<!--Text Below Slide-->\r\n\t\t\t\t\t\t\t\t\t\t\t\t\r\n\t\t\t\t\t\t\t\t\t\t\t\t\r\n\t\t\t\t\t\t\t\t\t\t\t\t<!--Text Below Slide-->\r\n\t\t\t\t\t<\/div>\r\n\t\t\t\t\t\t\t\t\t\t<div class=\"sr-image\">\r\n\t\t\t\t\t\t\t\t\t\t\t\t\t<img decoding=\"async\" class=\"lazyOwl\" src=\"http:\/\/preacero.com\/home\/wp-content\/uploads\/2016\/04\/Imagen9.jpg\" alt=\"Imagen9\">\r\n\t\t\t\t\t\t\t\t\t\t\t\t\r\n\t\t\t\t\t\t<!--Text Below Slide-->\r\n\t\t\t\t\t\t\t\t\t\t\t\t\r\n\t\t\t\t\t\t\t\t\t\t\t\t\r\n\t\t\t\t\t\t\t\t\t\t\t\t<!--Text Below Slide-->\r\n\t\t\t\t\t<\/div>\r\n\t\t\t\t\t\t\t\t\t\t<div class=\"sr-image\">\r\n\t\t\t\t\t\t\t\t\t\t\t\t\t<img decoding=\"async\" class=\"lazyOwl\" src=\"http:\/\/preacero.com\/home\/wp-content\/uploads\/2016\/04\/Imagen2-1.jpg\" alt=\"Imagen2\">\r\n\t\t\t\t\t\t\t\t\t\t\t\t\r\n\t\t\t\t\t\t<!--Text Below Slide-->\r\n\t\t\t\t\t\t\t\t\t\t\t\t\r\n\t\t\t\t\t\t\t\t\t\t\t\t\r\n\t\t\t\t\t\t\t\t\t\t\t\t<!--Text Below Slide-->\r\n\t\t\t\t\t<\/div>\r\n\t\t\t\t\t\t\t<\/div>\r\n\t\t<\/p>\n<p style=\"text-align: justify;\"><font color=\"white\">En los mercados que nuestra empresa se desenvuelve somos reconocidos especialista en puentes y viaductos. Abarcamos desde la concepci\u00f3n, dise\u00f1o, c\u00e1lculo, fabricaci\u00f3n, montaje, lanzamiento y dotaci\u00f3n de accesorios. Sean puentes para vialidad, pasarelas, viaductos vehiculares o ferroviarios.<\/font><\/p>\n<p style=\"text-align: justify;\"><font color=\"white\">Nuestro primer y principal producto de exportaci\u00f3n son los puentes, teniendo presencia en diversos pa\u00edses de Centro y sur Am\u00e9rica. Contamos con l\u00edneas de producci\u00f3n que han sido especialmente dise\u00f1adas y adecuadas para la ejecuci\u00f3n de puentes con rapidez y precisi\u00f3n. Tener una alta automatizaci\u00f3n e integraci\u00f3n de nuestras l\u00edneas de producci\u00f3n les permite fabricar proyectos bajo tolerancias muy exigentes yendo del dise\u00f1o a la instalaci\u00f3n en tiempos realmente cortos.<\/font><\/p>\n<p style=\"text-align: justify;\"><font color=\"white\">El dise\u00f1o y la fabricaci\u00f3n se complementan con un equipo de gran capacidad y experiencia en el proceso de montaje y lanzamiento de puentes. Esto sumado a una buena capacidad en equipos de construcci\u00f3n e izamiento, permite la ejecuci\u00f3n de puentes de principio a fin.<\/font><\/p>\n<p><b><font color=\"white\">Perfiles de gran dimensi\u00f3n:<\/font><\/b><br \/>\n<font color=\"white\">La capacidad de producir en autom\u00e1tico y en corridas continuas vigas hasta 4 metros de secci\u00f3n y 25 metros de longitud en una sola pieza (sin necesidad de juntas apernadas), es un gran valor agregado para los clientes.<\/font><\/p>","protected":false},"excerpt":{"rendered":"<p>En los mercados que nuestra empresa se desenvuelve somos reconocidos especialista en puentes y viaductos. Abarcamos desde la concepci\u00f3n, dise\u00f1o, c\u00e1lculo, fabricaci\u00f3n, montaje, lanzamiento y dotaci\u00f3n de accesorios. Sean puentes para vialidad, pasarelas, viaductos vehiculares o ferroviarios. Nuestro primer y principal producto de exportaci\u00f3n son los puentes, teniendo presencia en diversos pa\u00edses de Centro y<\/p>\n","protected":false},"author":9,"featured_media":0,"parent":0,"menu_order":0,"comment_status":"closed","ping_status":"closed","template":"","meta":{"footnotes":""},"class_list":["post-1505","page","type-page","status-publish","hentry"],"_links":{"self":[{"href":"http:\/\/preacero.com\/home\/wp-json\/wp\/v2\/pages\/1505","targetHints":{"allow":["GET"]}}],"collection":[{"href":"http:\/\/preacero.com\/home\/wp-json\/wp\/v2\/pages"}],"about":[{"href":"http:\/\/preacero.com\/home\/wp-json\/wp\/v2\/types\/page"}],"author":[{"embeddable":true,"href":"http:\/\/preacero.com\/home\/wp-json\/wp\/v2\/users\/9"}],"replies":[{"embeddable":true,"href":"http:\/\/preacero.com\/home\/wp-json\/wp\/v2\/comments?post=1505"}],"version-history":[{"count":10,"href":"http:\/\/preacero.com\/home\/wp-json\/wp\/v2\/pages\/1505\/revisions"}],"predecessor-version":[{"id":2062,"href":"http:\/\/preacero.com\/home\/wp-json\/wp\/v2\/pages\/1505\/revisions\/2062"}],"wp:attachment":[{"href":"http:\/\/preacero.com\/home\/wp-json\/wp\/v2\/media?parent=1505"}],"curies":[{"name":"wp","href":"https:\/\/api.w.org\/{rel}","templated":true}]}}