{"id":1508,"date":"2016-04-01T15:54:52","date_gmt":"2016-04-01T20:24:52","guid":{"rendered":"http:\/\/preacero.com\/home\/?page_id=1508"},"modified":"2017-04-07T16:12:26","modified_gmt":"2017-04-07T20:42:26","slug":"proyectos-ipc-test","status":"publish","type":"page","link":"http:\/\/preacero.com\/home\/proyectos-ipc-test\/","title":{"rendered":"Proyectos IPC"},"content":{"rendered":"<p>\t<style>\r\n\t#sr-slider-1509 .sr-image {\r\n\t  margin: 5px;\r\n\t}\r\n\t#sr-slider-1509 .sr-image img {\r\n\t  display: block;\r\n\t  width: 100%;\r\n\t  height: auto;\r\n\t}\r\n\t#sr-slider-1509 .sr-title {\r\n\t\ttext-align: center;\r\n\t\tfont-weight: bolder;\r\n\t}\r\n\t#sr-slider-1509 .sr-desc {\r\n\t\ttext-align: center;\r\n\t}\r\n\t#sr-slider-1509 .sr-image .sr-link {\r\n\t\ttext-align: center;\r\n\t}\r\n\t\t<\/style>\r\n\t\t<!-- HTML Script Part Start From Here-->\r\n\t<script>\r\n\tjQuery(document).ready(function() {\r\n\t   jQuery(\"#sr-slider-1509\").owlCarousel({ \r\n\t\t\t\/\/ Most important owl features\r\n\t\t\titems : 1,\r\n\r\n\t\t\t\/\/Basic Speeds\r\n\t\t\tslideSpeed : 200,\r\n\t\t\tpaginationSpeed : 200,\r\n\t\t\trewindSpeed : 400,\r\n\r\n\t\t\t\/\/Autoplay\r\n\t\t\tautoPlay : true,\r\n\t\t \r\n\t\t\t\/\/ Navigation\r\n\t\t\tnavigation : false,\r\n\t\t\tnavigationText : [\"Prev\",\"Next\"],\r\n\t\t\trewindNav : true,\r\n\t \r\n\t\t\t\/\/ Responsive \r\n\t\t\tresponsive: true,\r\n\t\t\tresponsiveRefreshRate : 200,\r\n\t\t\tresponsiveBaseWidth: window,\r\n\t\t \r\n\t\t\t\/\/ CSS Styles\r\n\t\t\tbaseClass : \"owl-carousel\",\r\n\t\t\ttheme : \"owl-theme\",\r\n\t\t \r\n\t\t\t\/\/Auto height\r\n\t\t\tautoHeight : false,\r\n\t\t \r\n\t\t\t\/\/Mouse Events\r\n\t\t\tdragBeforeAnimFinish : true,\r\n\t\t\tmouseDrag : true,\r\n\t\t\ttouchDrag : true,\r\n\t\t \r\n\t\t\t\/\/Transitions\r\n\t\t\ttransitionStyle : \"fade\",\r\n\t\t});\r\n\t});\r\n\t<\/script>\r\n\t\t\t<div id=\"sr-slider-1509\">\r\n\t\t\t\t\t\t\t\t<div class=\"sr-image\">\r\n\t\t\t\t\t\t\t\t\t\t\t\t\t<img decoding=\"async\" class=\"lazyOwl\" src=\"http:\/\/preacero.com\/home\/wp-content\/uploads\/2016\/04\/13664305is1.jpg\" alt=\"13664305is1\">\r\n\t\t\t\t\t\t\t\t\t\t\t\t\r\n\t\t\t\t\t\t<!--Text Below Slide-->\r\n\t\t\t\t\t\t\t\t\t\t\t\t\r\n\t\t\t\t\t\t\t\t\t\t\t\t\r\n\t\t\t\t\t\t\t\t\t\t\t\t<!--Text Below Slide-->\r\n\t\t\t\t\t<\/div>\r\n\t\t\t\t\t\t\t\t\t\t<div class=\"sr-image\">\r\n\t\t\t\t\t\t\t\t\t\t\t\t\t<img decoding=\"async\" class=\"lazyOwl\" src=\"http:\/\/preacero.com\/home\/wp-content\/uploads\/2016\/04\/Imagen11.jpg\" alt=\"Imagen11\">\r\n\t\t\t\t\t\t\t\t\t\t\t\t\r\n\t\t\t\t\t\t<!--Text Below Slide-->\r\n\t\t\t\t\t\t\t\t\t\t\t\t\r\n\t\t\t\t\t\t\t\t\t\t\t\t\r\n\t\t\t\t\t\t\t\t\t\t\t\t<!--Text Below Slide-->\r\n\t\t\t\t\t<\/div>\r\n\t\t\t\t\t\t\t\t\t\t<div class=\"sr-image\">\r\n\t\t\t\t\t\t\t\t\t\t\t\t\t<img decoding=\"async\" class=\"lazyOwl\" src=\"http:\/\/preacero.com\/home\/wp-content\/uploads\/2016\/04\/Imagen12.jpg\" alt=\"Imagen12\">\r\n\t\t\t\t\t\t\t\t\t\t\t\t\r\n\t\t\t\t\t\t<!--Text Below Slide-->\r\n\t\t\t\t\t\t\t\t\t\t\t\t\r\n\t\t\t\t\t\t\t\t\t\t\t\t\r\n\t\t\t\t\t\t\t\t\t\t\t\t<!--Text Below Slide-->\r\n\t\t\t\t\t<\/div>\r\n\t\t\t\t\t\t\t<\/div>\r\n\t\t<\/p>\n<p style=\"text-align: justify;\"><font color=\"white\">Debido a la experiencia adquirida con nuestros clientes en el manejo de distintas etapas de los diversos proyectos que hemos ejecutado, hemos desarrollado la capacidad de realizar proyectos de Ingenier\u00eda, Procura y Construcci\u00f3n (IPC) tambi\u00e9n llamados \u201cllave en mano\u201d.<\/font><\/p>\n<p style=\"text-align: justify;\"><font color=\"white\">Utilizamos nuestra velocidad y precisi\u00f3n en la prefabricaci\u00f3n de componentes estructurales y constructivos como base para llevar en paralelo actividades tradicionalmente destinadas a la obra. De all\u00ed que podamos minimizar los tiempos y costos de construcci\u00f3n.<\/font><\/p>\n<p style=\"text-align: justify;\"><font color=\"white\">Desde puentes, instalaciones industriales, hasta \u00e1reas de complejos petroqu\u00edmicos, Pellizzari ha demostrado su capacidad para estructurar equipos de trabajo multidisciplinarios que dan al cliente un valor agregado y resultados \u00f3ptimos en cada uno de sus proyectos.<\/font><\/p>\n<p><\/p>","protected":false},"excerpt":{"rendered":"<p>Debido a la experiencia adquirida con nuestros clientes en el manejo de distintas etapas de los diversos proyectos que hemos ejecutado, hemos desarrollado la capacidad de realizar proyectos de Ingenier\u00eda, Procura y Construcci\u00f3n (IPC) tambi\u00e9n llamados \u201cllave en mano\u201d. Utilizamos nuestra velocidad y precisi\u00f3n en la prefabricaci\u00f3n de componentes estructurales y constructivos como base para<\/p>\n","protected":false},"author":9,"featured_media":0,"parent":0,"menu_order":0,"comment_status":"closed","ping_status":"closed","template":"","meta":{"footnotes":""},"class_list":["post-1508","page","type-page","status-publish","hentry"],"_links":{"self":[{"href":"http:\/\/preacero.com\/home\/wp-json\/wp\/v2\/pages\/1508","targetHints":{"allow":["GET"]}}],"collection":[{"href":"http:\/\/preacero.com\/home\/wp-json\/wp\/v2\/pages"}],"about":[{"href":"http:\/\/preacero.com\/home\/wp-json\/wp\/v2\/types\/page"}],"author":[{"embeddable":true,"href":"http:\/\/preacero.com\/home\/wp-json\/wp\/v2\/users\/9"}],"replies":[{"embeddable":true,"href":"http:\/\/preacero.com\/home\/wp-json\/wp\/v2\/comments?post=1508"}],"version-history":[{"count":6,"href":"http:\/\/preacero.com\/home\/wp-json\/wp\/v2\/pages\/1508\/revisions"}],"predecessor-version":[{"id":2031,"href":"http:\/\/preacero.com\/home\/wp-json\/wp\/v2\/pages\/1508\/revisions\/2031"}],"wp:attachment":[{"href":"http:\/\/preacero.com\/home\/wp-json\/wp\/v2\/media?parent=1508"}],"curies":[{"name":"wp","href":"https:\/\/api.w.org\/{rel}","templated":true}]}}