{"id":352,"date":"2015-02-27T10:21:04","date_gmt":"2015-02-27T14:51:04","guid":{"rendered":"http:\/\/preacero.com\/home\/?page_id=352"},"modified":"2017-04-07T15:48:49","modified_gmt":"2017-04-07T20:18:49","slug":"recursos-humanos","status":"publish","type":"page","link":"http:\/\/preacero.com\/home\/corporativo\/recursos-humanos\/","title":{"rendered":"Recursos Humanos"},"content":{"rendered":"<p><\/p>\n<div class=\"entry-content\">\n<p><font color=\"white\">Trabajar en Preacero Pellizzari, significa desarrollar tu carrera profesional dentro de una empresa enfocada en la calidad y en la vanguardia. Significa trabajar con los mayores est\u00e1ndares de calidad, orientados a satisfacer plenamente las necesidades de un exigente mercado metal\u00fargico. Significa la b\u00fasqueda constante de la excelencia en sus procesos, en sus negocios y en el desarrollo de su gente.<\/font><\/p>\n<p><b><font color=\"white\">Somos una Familia<\/font><\/b><\/p>\n<p><font color=\"white\">Preacero Pellizzari cuenta con m\u00e1s de 1.000,00\u00a0 colaboradores entre personal obrero, t\u00e9cnico y profesional en sus plantas (identificar) ubicadas en la Ciudad de San Crist\u00f3bal, Estado T\u00e1chira. Venezuela.<\/font><\/p>\n<p><b><font color=\"white\">Ofrecemos<\/font><\/b><br \/>\n<font color=\"white\"><\/p>\n<ul>\n<li>Agradable ambiente de trabajo<\/li>\n<li>Contamos con la infraestructura,\u00a0 equipos y elementos necesarios para crear y fomentar un ambiente sano y de compa\u00f1erismo.<\/li>\n<\/ul>\n<p><\/font><\/p>\n<p><b><font color=\"white\">Estabilidad<\/font><\/b><\/p>\n<p><font color=\"white\">Contamos con m\u00e1s 50 a\u00f1os en el Sector,\u00a0 manteni\u00e9ndonos como una empresa s\u00f3lida y estable a pesar del cambiante entorno macroecon\u00f3mico de nuestro pa\u00eds.<\/font><\/p>\n<p><b><font color=\"white\">Capacitaci\u00f3n y Desarrollo del Personal<\/font><\/b><\/p>\n<p><font color=\"white\">Capacitamos y formamos a nuestro personal para actualizarse respecto a las nuevas tecnolog\u00edas y pr\u00e1cticas que mejoran los productos, los procesos de producci\u00f3n.<\/font><\/p>\n<p><b><font color=\"white\">Permanente Crecimiento y Desarrollo Profesional y Humano<\/font><\/b><\/p>\n<p><font color=\"white\">Contamos con un sistema que nos permiten ofrecer m\u00faltiples alternativas de desarrollo a nuestros colaboradores.<\/font><\/p>\n<p><b><font color=\"white\">Compensaci\u00f3n Competitiva<\/font><\/b><\/p>\n<p><font color=\"white\">Contamos con una estructura de compensaci\u00f3n que nos ubica como una de las empresas m\u00e1s competitivas en este aspecto en nuestra regi\u00f3n.<\/font><\/p>\n<p><b><font color=\"white\">Liderazgo<\/font><\/b><\/p>\n<p><font color=\"white\">Propiciamos\u00a0 un estilo de liderazgo constructivo, personalizado y con una actitud de respeto y consideraci\u00f3n hacia sus colaboradores.<\/font><\/p>\n<p><b><font color=\"white\">Innovaci\u00f3n<\/font><\/b><\/p>\n<p><font color=\"white\">Promovemos la innovaci\u00f3n interna motivando a quienes encuentran espacios de mejoras en nuestros procesos, nuestro ambiente de trabajo o en nuestros productos.<\/font><\/p>\n<p><b><font color=\"white\">Buscamos a la mejor gente:<\/font><\/b><br \/>\n<font color=\"white\"><\/p>\n<ul>\n<li>Gente que asuma retos y\u00a0 los enfrente de manera entusiasta y creativa.<\/li>\n<li>Gente que busque aportar al m\u00e1ximo con su capacidad y experiencia.<\/li>\n<li>Gente que busque aportar al m\u00e1ximo con su capacidad y experiencia.<\/li>\n<li>Gente l\u00edder, con la capacidad de integrar equipos de trabajo y de obtener logros en un marco de respeto y de trabajo en equipo.<\/li>\n<li>Gente que ofrezca soluciones.<\/li>\n<li>Gente que act\u00fae cuando los problemas se presentan.<\/li>\n<li>Gente que haga las cosas bien.<\/li>\n<li>Gente que busque la excelencia en todo lo que hace.<\/li>\n<li>Gente que haga las cosas con el mejor de sus esfuerzos.<\/li>\n<li>Gente con sensibilidad social dispuesta a devolver a la comunidad lo que ha recibido de ella.<\/li>\n<\/ul>\n<p><\/font>\n<\/div>\n<p><\/p>","protected":false},"excerpt":{"rendered":"<p>Trabajar en Preacero Pellizzari, significa desarrollar tu carrera profesional dentro de una empresa enfocada en la calidad y en la vanguardia. Significa trabajar con los mayores est\u00e1ndares de calidad, orientados a satisfacer plenamente las necesidades de un exigente mercado metal\u00fargico. Significa la b\u00fasqueda constante de la excelencia en sus procesos, en sus negocios y en<\/p>\n","protected":false},"author":2,"featured_media":0,"parent":350,"menu_order":0,"comment_status":"closed","ping_status":"closed","template":"","meta":{"footnotes":""},"class_list":["post-352","page","type-page","status-publish","hentry"],"_links":{"self":[{"href":"http:\/\/preacero.com\/home\/wp-json\/wp\/v2\/pages\/352","targetHints":{"allow":["GET"]}}],"collection":[{"href":"http:\/\/preacero.com\/home\/wp-json\/wp\/v2\/pages"}],"about":[{"href":"http:\/\/preacero.com\/home\/wp-json\/wp\/v2\/types\/page"}],"author":[{"embeddable":true,"href":"http:\/\/preacero.com\/home\/wp-json\/wp\/v2\/users\/2"}],"replies":[{"embeddable":true,"href":"http:\/\/preacero.com\/home\/wp-json\/wp\/v2\/comments?post=352"}],"version-history":[{"count":37,"href":"http:\/\/preacero.com\/home\/wp-json\/wp\/v2\/pages\/352\/revisions"}],"predecessor-version":[{"id":2008,"href":"http:\/\/preacero.com\/home\/wp-json\/wp\/v2\/pages\/352\/revisions\/2008"}],"up":[{"embeddable":true,"href":"http:\/\/preacero.com\/home\/wp-json\/wp\/v2\/pages\/350"}],"wp:attachment":[{"href":"http:\/\/preacero.com\/home\/wp-json\/wp\/v2\/media?parent=352"}],"curies":[{"name":"wp","href":"https:\/\/api.w.org\/{rel}","templated":true}]}}