{"id":356,"date":"2015-02-27T10:23:34","date_gmt":"2015-02-27T14:53:34","guid":{"rendered":"http:\/\/preacero.com\/home\/?page_id=356"},"modified":"2017-04-07T12:59:14","modified_gmt":"2017-04-07T17:29:14","slug":"fundacion-primo-pellizari","status":"publish","type":"page","link":"http:\/\/preacero.com\/home\/corporativo\/fundacion-primo-pellizari\/","title":{"rendered":"Fundacion Primo Pellizari"},"content":{"rendered":"<p><\/p>\n<div class=\"entry-content\">\n<p style=\"text-align: justify;\"><font color=\"white\">La Fundaci\u00f3n Primo Pellizzari, nace para hacer realidad el sue\u00f1o del Fundador de las Empresas Pellizzari, Don Primo Pellizzari; quien consciente que su \u00e9xito estaba entrelazado con la salud y el bienestar general de todos sus trabajadores y sus familias, as\u00ed como, con el desarrollo sostenible de la sociedad; siempre pens\u00f3 que ten\u00eda el compromiso de devolver a la comunidad todo lo que hab\u00eda recibido de ella.<\/font><\/p>\n<p style=\"text-align: justify;\"><font color=\"white\">Este sue\u00f1o, se fue materializando poco a poco, a\u00f1o tras a\u00f1o, de distintas formas, siempre apoyando y colaborando en silencio, sin mayor formalidad ni organizaci\u00f3n alguna, pero sin perder en ning\u00fan momento la sensibilidad social.<\/font><\/p>\n<p style=\"text-align: justify;\"><font color=\"white\">Es as\u00ed como, en abril del 2008, sus nietos, con el apoyo de sus padres, asumen el compromiso de formalizar el trabajo que ven\u00edan haciendo, y establecen las normativas legales, para la creaci\u00f3n de una Fundaci\u00f3n, que llevar\u00eda por nombre \u201cFundaci\u00f3n Primo Pellizzari\u201d, rindiendo de esta manera honor al nombre de su fundador.<\/font><\/p>\n<p style=\"text-align: justify;\"><b><font color=\"white\">Misi\u00f3n<\/font><\/b><\/p>\n<p style=\"text-align: justify;\"><font color=\"white\">Somos una fundaci\u00f3n sin fines de lucro dedicados a la formaci\u00f3n y apoyo integral de la sociedad en \u00e1reas de cultura, educaci\u00f3n, deporte, esparcimiento,\u00a0 salud y ambiente,\u00a0 creando espacios de participaci\u00f3n social en nuestro entorno directo e indirecto enfocados en generar bienestar de manera sostenible en el tiempo.<\/font><\/p>\n<p style=\"text-align: justify;\"><b><font color=\"white\">Visi\u00f3n<\/font><\/b><\/p>\n<p style=\"text-align: justify;\"><font color=\"white\">Ser reconocidos\u00a0 en\u00a0 Nuestra Comunidad como una\u00a0 fundaci\u00f3n comprometida con\u00a0 el servicio social comunitario generadores de\u00a0 cambio y bienestar general.<\/font><\/p>\n<p style=\"text-align: justify;\"><b><font color=\"white\">Objetivo de la Fundaci\u00f3n Primo Pellizzari<\/font><\/b><\/p>\n<p style=\"text-align: justify;\"><font color=\"white\">Los fines de la Fundaci\u00f3n, tal y como se reflejan en sus estatutos, son los de contribuir en el desarrollo integral de los trabajadores y las comunidades cercanas, en el \u00e1mbito personal, familiar, comunitario, laboral y profesional,\u00a0 a trav\u00e9s de planes, programas,\u00a0 convenios y jornadas, con personal especializado y Organismos P\u00fablicos y Privados,\u00a0 Nacionales e Internacionales, en \u00e1reas de\u00a0 educaci\u00f3n, cultura, deporte,\u00a0 esparcimiento, salud y medio ambiente,\u00a0 entre otros.<\/font><\/p>\n<p style=\"text-align: justify;\"><b><font color=\"white\">Nuestros Valores<\/font><\/b><\/p>\n<p style=\"text-align: justify;\"><b><font color=\"white\">Profesionalismo:<\/font><\/b> <font color=\"white\">Nuestras competencias profesionales son relevantes y se mantienen en perfeccionamiento continuo para tener un dominio integral en cada \u00e1rea de responsabilidad y ser art\u00edfices en la generaci\u00f3n de resultados \u00f3ptimos.<\/font><\/p>\n<p style=\"text-align: justify;\"><b><font color=\"white\">Comunicaci\u00f3n:<\/font><\/b> <font color=\"white\">Somos personas extravertidas, sociables y de positiva apertura mental, que nos relacionamos a trav\u00e9s de una red de comunicaci\u00f3n abierta, clara y objetiva, para facilitar nuestro desempe\u00f1o y fortalecer la integraci\u00f3n.<\/font><\/p>\n<p style=\"text-align: justify;\"><b><font color=\"white\">Respeto:<\/font><\/b> <font color=\"white\">En nuestra convivencia laboral prevalece el respeto a la dignidad humana y complementariamente el respeto a las normas y reglas establecidas por la instituci\u00f3n.\u00a0 Acat\u00e1ndolas aseguramos un clima de armon\u00eda integral.<\/font><\/p>\n<p style=\"text-align: justify;\"><b><font color=\"white\">\u00c9tica:<\/font><\/b> <font color=\"white\">Individual y corporativamente nos identificamos por un proceder digno y honorable, establecido por nuestras propias convicciones y demostrado a conciencia con la equidad, justicia y rectitud de nuestros actos.<\/font><\/p>\n<p style=\"text-align: justify;\"><b><font color=\"white\">Compromiso:<\/font><\/b> <font color=\"white\">Sentimos honor de trabajar en nuestra organizaci\u00f3n, donde nos consideramos socios operacionales y estamos decididos a retribuirla con el m\u00e1ximo de nuestras capacidades.<\/font><\/p>\n<p style=\"text-align: justify;\"><b><font color=\"white\">Proactividad:<\/font><\/b> <font color=\"white\">Nos distingue el desempe\u00f1o din\u00e1mico, creativo y de respuestas r\u00e1pidas y efectivas para \u201chacer que las cosas sucedan\u201d en coherencia con nuestros principios.<\/font><\/p>\n<p style=\"text-align: justify;\"><b><font color=\"white\">\u00bfA quienes apoyamos?<\/font><\/b><\/p>\n<p><font color=\"white\"><\/p>\n<ul>\n<li style=\"text-align: justify;\">A todos y cada uno de nuestros trabajadores.<\/li>\n<li style=\"text-align: justify;\">A los hijos de nuestros trabajadores.<\/li>\n<li style=\"text-align: justify;\">A las esposas (os) o parejas de nuestros trabajadores.<\/li>\n<li style=\"text-align: justify;\">A los padres y madres de nuestros trabajadores.<\/li>\n<li style=\"text-align: justify;\">A las comunidades cercanas.<\/li>\n<li style=\"text-align: justify;\">A instituciones y organismos de acci\u00f3n social.<\/li>\n<\/ul>\n<p><\/font><\/p>\n<p style=\"text-align: justify;\"><b><font color=\"white\">\u00bfCu\u00e1les son nuestras \u00e1reas de apoyo?<\/font><\/b><\/p>\n<p style=\"text-align: justify;\"><b><font color=\"white\">Comunidad:<\/font><\/b> <font color=\"white\">Contribuimos al bienestar de nuestros trabajadores, sus familias y la comunidad en general, a trav\u00e9s de jornadas de salud, recreaci\u00f3n\u00a0 y ofertas de empleo.<\/font><\/p>\n<p style=\"text-align: justify;\"><b><font color=\"white\">Educaci\u00f3n:<\/font><\/b><font color=\"white\">Ofrecemos programas educativos de formaci\u00f3n acad\u00e9mica y deportiva, capacitaci\u00f3n laboral y formaci\u00f3n en valores y ciudadan\u00eda.<\/font><\/p>\n<p style=\"text-align: justify;\"><b><font color=\"white\">Medio Ambiente:<\/font><\/b> <font color=\"white\">Trabajamos por el adecuado manejo de residuos, la capacitaci\u00f3n y concientizaci\u00f3n del personal en la protecci\u00f3n del medio ambiente.<\/font><\/p>\n<p style=\"text-align: justify;\"><b><font color=\"white\">Cultura:<\/font><\/b> <font color=\"white\">Contribuimos en fomentar la educaci\u00f3n musical, para fortalecer el desarrollo cultural en nuestro estado y pa\u00eds.<\/font><\/p>\n<\/div>\n<p><\/p>","protected":false},"excerpt":{"rendered":"<p>La Fundaci\u00f3n Primo Pellizzari, nace para hacer realidad el sue\u00f1o del Fundador de las Empresas Pellizzari, Don Primo Pellizzari; quien consciente que su \u00e9xito estaba entrelazado con la salud y el bienestar general de todos sus trabajadores y sus familias, as\u00ed como, con el desarrollo sostenible de la sociedad; siempre pens\u00f3 que ten\u00eda el compromiso<\/p>\n","protected":false},"author":2,"featured_media":0,"parent":350,"menu_order":0,"comment_status":"closed","ping_status":"closed","template":"","meta":{"footnotes":""},"class_list":["post-356","page","type-page","status-publish","hentry"],"_links":{"self":[{"href":"http:\/\/preacero.com\/home\/wp-json\/wp\/v2\/pages\/356","targetHints":{"allow":["GET"]}}],"collection":[{"href":"http:\/\/preacero.com\/home\/wp-json\/wp\/v2\/pages"}],"about":[{"href":"http:\/\/preacero.com\/home\/wp-json\/wp\/v2\/types\/page"}],"author":[{"embeddable":true,"href":"http:\/\/preacero.com\/home\/wp-json\/wp\/v2\/users\/2"}],"replies":[{"embeddable":true,"href":"http:\/\/preacero.com\/home\/wp-json\/wp\/v2\/comments?post=356"}],"version-history":[{"count":17,"href":"http:\/\/preacero.com\/home\/wp-json\/wp\/v2\/pages\/356\/revisions"}],"predecessor-version":[{"id":1966,"href":"http:\/\/preacero.com\/home\/wp-json\/wp\/v2\/pages\/356\/revisions\/1966"}],"up":[{"embeddable":true,"href":"http:\/\/preacero.com\/home\/wp-json\/wp\/v2\/pages\/350"}],"wp:attachment":[{"href":"http:\/\/preacero.com\/home\/wp-json\/wp\/v2\/media?parent=356"}],"curies":[{"name":"wp","href":"https:\/\/api.w.org\/{rel}","templated":true}]}}