{"id":445,"date":"2015-03-03T11:42:49","date_gmt":"2015-03-03T16:12:49","guid":{"rendered":"http:\/\/preacero.com\/home\/?page_id=445"},"modified":"2017-04-07T13:33:24","modified_gmt":"2017-04-07T18:03:24","slug":"mexico-planta-procesos-productivos","status":"publish","type":"page","link":"http:\/\/preacero.com\/home\/mexico-planta-procesos-productivos\/","title":{"rendered":"Planta M\u00e9xico"},"content":{"rendered":"<p><div class=\"foogallery foogallery-container foogallery-justified foogallery-lightbox-unknown fg-justified fg-light fg-loading-default fg-loaded-fade-in fg-custom fg-hover-fade\" id=\"foogallery-gallery-1388\" data-foogallery=\"{&quot;item&quot;:{&quot;showCaptionTitle&quot;:true,&quot;showCaptionDescription&quot;:true},&quot;lazy&quot;:true,&quot;src&quot;:&quot;data-src-fg&quot;,&quot;srcset&quot;:&quot;data-srcset-fg&quot;,&quot;template&quot;:{&quot;rowHeight&quot;:80,&quot;maxRowHeight&quot;:&quot;200%&quot;,&quot;margins&quot;:1,&quot;lastRow&quot;:&quot;center&quot;}}\" data-fg-common-fields=\"1\" >\r\n\t<div class=\"fg-item\"><figure class=\"fg-item-inner\"><a href=\"http:\/\/preacero.com\/home\/wp-content\/uploads\/2015\/03\/07102015-DSC_1245-copia.jpg\" data-attachment-id=\"1017\" class=\"fg-thumb\"><span class=\"fg-image-wrap\"><img height=\"130\" width=\"196\" data-src-fg=\"http:\/\/preacero.com\/home\/wp-content\/uploads\/cache\/2015\/03\/07102015-DSC_1245-copia\/4255065895.jpg\" class=\"fg-image\" \/><\/span><\/a><figcaption class=\"fg-caption\"><div class=\"fg-caption-inner\"><\/div><\/figcaption><\/figure><div class=\"fg-loader\"><\/div><\/div><div class=\"fg-item\"><figure class=\"fg-item-inner\"><a href=\"http:\/\/preacero.com\/home\/wp-content\/uploads\/2015\/03\/DSC_1912.jpg\" data-attachment-id=\"966\" class=\"fg-thumb\"><span class=\"fg-image-wrap\"><img height=\"130\" width=\"196\" data-src-fg=\"http:\/\/preacero.com\/home\/wp-content\/uploads\/cache\/2015\/03\/DSC_1912\/3612638603.jpg\" class=\"fg-image\" \/><\/span><\/a><figcaption class=\"fg-caption\"><div class=\"fg-caption-inner\"><\/div><\/figcaption><\/figure><div class=\"fg-loader\"><\/div><\/div><div class=\"fg-item\"><figure class=\"fg-item-inner\"><a href=\"http:\/\/preacero.com\/home\/wp-content\/uploads\/2015\/03\/DSC_1891.jpg\" data-attachment-id=\"965\" class=\"fg-thumb\"><span class=\"fg-image-wrap\"><img height=\"130\" width=\"196\" data-src-fg=\"http:\/\/preacero.com\/home\/wp-content\/uploads\/cache\/2015\/03\/DSC_1891\/3053464502.jpg\" class=\"fg-image\" \/><\/span><\/a><figcaption class=\"fg-caption\"><div class=\"fg-caption-inner\"><\/div><\/figcaption><\/figure><div class=\"fg-loader\"><\/div><\/div><div class=\"fg-item\"><figure class=\"fg-item-inner\"><a href=\"http:\/\/preacero.com\/home\/wp-content\/uploads\/2015\/03\/per2.jpg\" data-attachment-id=\"817\" class=\"fg-thumb\"><span class=\"fg-image-wrap\"><img height=\"130\" width=\"277\" data-src-fg=\"http:\/\/preacero.com\/home\/wp-content\/uploads\/cache\/2015\/03\/per2\/174982159.jpg\" class=\"fg-image\" \/><\/span><\/a><figcaption class=\"fg-caption\"><div class=\"fg-caption-inner\"><\/div><\/figcaption><\/figure><div class=\"fg-loader\"><\/div><\/div><div class=\"fg-item\"><figure class=\"fg-item-inner\"><a href=\"http:\/\/preacero.com\/home\/wp-content\/uploads\/2015\/03\/per1.jpg\" data-attachment-id=\"816\" class=\"fg-thumb\"><span class=\"fg-image-wrap\"><img height=\"130\" width=\"277\" data-src-fg=\"http:\/\/preacero.com\/home\/wp-content\/uploads\/cache\/2015\/03\/per1\/557476260.jpg\" class=\"fg-image\" \/><\/span><\/a><figcaption class=\"fg-caption\"><div class=\"fg-caption-inner\"><\/div><\/figcaption><\/figure><div class=\"fg-loader\"><\/div><\/div><\/div>\r\n<\/p>\n<p><font color=\"white\">La planta en Veracruz M\u00e9xico, cuenta con un dise\u00f1o planificado para optimizar el manejo de materiales a lo largo de un proceso de producci\u00f3n sobre\u00a0distintos departamentos sucesivos. Existen diferentes revisiones de calidad al paso de cada proceso, de acuerdo a las exigencias internas y las normas de calidad establecidas por la AISC, cumpliendo\u00a0con los requerimientos de nuestros clientes.<\/p>\n<p>La capacidad instalada de nuestro centro de fabricaci\u00f3n y producci\u00f3n nos permite realizar un manejo comprobable de materiales de m\u00e1s de 1.000 ton\/d\u00eda; aunado a esto ofrecemos tiempos competitivos de disposici\u00f3n del producto por parte del cliente gracias a los m\u00e1s de 10.000\u00a0m\u00b2 de patios de carga. Para lograr esto, contamos con el siguiente equipo:<\/font><br \/>\n<font color=\"white\"><\/p>\n<ul>\n<li>2 L\u00edneas de Granallado<\/li>\n<li>1 Cabina de Granallado<\/li>\n<li>4 L\u00edneas de Perfiles CNC<\/li>\n<li>4 L\u00edneas de Planchas CNC<\/li>\n<li>1 L\u00ednea de Corte de Tuber\u00eda CNC hasta 24\u201d<\/li>\n<li>2 Soldadoras de Perfiles de 3m y 5m de alto<\/li>\n<li>1 L\u00ednea de Angulares CNC<\/li>\n<li>1 Linea de rolado de perfiles<\/li>\n<\/ul>\n<p><\/font><\/p>\n<p><strong><font color=\"white\">\u00c1rea de Producci\u00f3n<\/font><\/strong><br \/>\n<font color=\"white\"><\/p>\n<ul>\n<li><strong>Habilitado y Perforado<\/strong>, departamento que se encarga de preparar el material dependiendo de las necesidades del proyecto, el cual puede ser realizado por procesos de oxicorte, plasma, corte mec\u00e1nico o cizalla, punzonado y taladrado.<\/li>\n<\/ul>\n<ul>\n<li><strong>Armado y Soldadura<\/strong>, departamentos encargados de fijar y unir las piezas en su lugar correspondiente, seg\u00fan exigencias de planos, cumpliendo los est\u00e1ndares dimensionales y calidad para asegurar su correcta utilizaci\u00f3n en montaje.<\/li>\n<\/ul>\n<ul>\n<li><strong>Acabado y Pintura<\/strong>, se encarga de preparar las superficies de los materiales con procesos de chorro abrasivo y\/o solventes\u00a0y\u00a0la posterior aplicaci\u00f3n de recubrimientos a trav\u00e9s de sistemas de pintura propios de cada proyecto.<\/li>\n<\/ul>\n<p><\/font><\/p>","protected":false},"excerpt":{"rendered":"<p>La planta en Veracruz M\u00e9xico, cuenta con un dise\u00f1o planificado para optimizar el manejo de materiales a lo largo de un proceso de producci\u00f3n sobre\u00a0distintos departamentos sucesivos. Existen diferentes revisiones de calidad al paso de cada proceso, de acuerdo a las exigencias internas y las normas de calidad establecidas por la AISC, cumpliendo\u00a0con los requerimientos<\/p>\n","protected":false},"author":2,"featured_media":0,"parent":0,"menu_order":0,"comment_status":"closed","ping_status":"closed","template":"","meta":{"footnotes":""},"class_list":["post-445","page","type-page","status-publish","hentry"],"_links":{"self":[{"href":"http:\/\/preacero.com\/home\/wp-json\/wp\/v2\/pages\/445","targetHints":{"allow":["GET"]}}],"collection":[{"href":"http:\/\/preacero.com\/home\/wp-json\/wp\/v2\/pages"}],"about":[{"href":"http:\/\/preacero.com\/home\/wp-json\/wp\/v2\/types\/page"}],"author":[{"embeddable":true,"href":"http:\/\/preacero.com\/home\/wp-json\/wp\/v2\/users\/2"}],"replies":[{"embeddable":true,"href":"http:\/\/preacero.com\/home\/wp-json\/wp\/v2\/comments?post=445"}],"version-history":[{"count":119,"href":"http:\/\/preacero.com\/home\/wp-json\/wp\/v2\/pages\/445\/revisions"}],"predecessor-version":[{"id":1994,"href":"http:\/\/preacero.com\/home\/wp-json\/wp\/v2\/pages\/445\/revisions\/1994"}],"wp:attachment":[{"href":"http:\/\/preacero.com\/home\/wp-json\/wp\/v2\/media?parent=445"}],"curies":[{"name":"wp","href":"https:\/\/api.w.org\/{rel}","templated":true}]}}