{"id":472,"date":"2015-03-03T15:07:33","date_gmt":"2015-03-03T19:37:33","guid":{"rendered":"http:\/\/preacero.com\/home\/?page_id=472"},"modified":"2017-11-22T18:50:09","modified_gmt":"2017-11-22T23:20:09","slug":"mexico-corporativo-rrhh","status":"publish","type":"page","link":"http:\/\/preacero.com\/home\/mexico-corporativo-rrhh\/","title":{"rendered":"M\u00c9XICO-CORPORATIVO-RRHH"},"content":{"rendered":"<p><span style=\"color: white;\">Preacero M\u00e9xico cuenta con personal altamente calificado para la elaboraci\u00f3n de todos sus procesos. Es por ello que quienes laboran con nosotros siempre se encuentran en la constante evoluci\u00f3n de conocimientos, logrando as\u00ed el \u00f3ptimo desempe\u00f1o\u00a0de todos los recursos con los que se cuentan al momento de realizar sus funciones. Trabajar en Preacero Pellizzari, significa desarrollar tu carrera profesional dentro de una empresa enfocada en la calidad y la innovaci\u00f3n. Significa trabajar con los mayores est\u00e1ndares de calidad, orientados en satisfacer plenamente las necesidades de un exigente mercado metal\u00fargico. Significa la b\u00fasqueda constante de la excelencia en sus procesos, en sus negocios y en el desarrollo de su gente. Preacero Pellizzari cuenta con m\u00e1s de 1.000,000\u00a0 colaboradores entre personal obrero, t\u00e9cnico y profesional en sus plantas ubicadas en Venezuela y M\u00e9xico.-<\/span><\/p>\n<p><b><span style=\"color: white;\">OFRECEMOS<\/span><\/b><\/p>\n<ul>\n<li><span style=\"color: white;\"><strong>Estabilidad<\/strong>, contando con m\u00e1s 60 a\u00f1os en el Sector, manteni\u00e9ndonos como una empresa s\u00f3lida y estable a pesar del cambiante entorno macroecon\u00f3mico de los mercados.<\/span><\/li>\n<li><span style=\"color: white;\"><strong>Capacitaci\u00f3n y desarrollo de personal<\/strong>, formando a nuestro personal para actualizarse respecto a las nuevas tecnolog\u00edas y pr\u00e1cticas que mejoran los productos y\u00a0los procesos de producci\u00f3n.<\/span><\/li>\n<li><span style=\"color: white;\"><strong>Crecimiento y desarrollo profesional y humano<\/strong>, contando con un sistema que nos permiten ofrecer m\u00faltiples alternativas de desarrollo a nuestros colaboradores.<\/span><\/li>\n<li><span style=\"color: white;\"><strong>Liderazgo<\/strong>, propiciando \u00a0un estilo de liderazgo constructivo, personalizado y con una actitud de respeto y consideraci\u00f3n hacia sus colaboradores.<\/span><\/li>\n<\/ul>\n<p>&nbsp;<\/p>\n<p>&nbsp;<\/p>\n<p><b><span style=\"color: white;\">BUSCAMOS A LOS MEJORES, ES POR ELLO QUE QUIENES SE SUMAN A NUESTRA FAMILIA DE TRABAJO CUENTAN CON LAS SIGUIENTES CUALIDADES:<\/span><\/b><\/p>\n<ul>\n<li><span style=\"color: white;\">Asumen retos y\u00a0 los enfrentan de manera entusiasta y creativa.<\/span><\/li>\n<li><span style=\"color: white;\">Se comprometen con su trabajo y con la calidad.<\/span><\/li>\n<li><span style=\"color: white;\">Buscan aportar al m\u00e1ximo con su capacidad y experiencia.<\/span><\/li>\n<li><span style=\"color: white;\">Son l\u00edderes, con la capacidad de integrar equipos de trabajo y de obtener logros en un marco de respeto y de trabajo en equipo.<\/span><\/li>\n<li><span style=\"color: white;\">Ofrecen soluciones creativas.<\/span><\/li>\n<li><span style=\"color: white;\">Act\u00faan cuando los problemas se presentan.<\/span><\/li>\n<li><span style=\"color: white;\">Hacen las cosas correctamente.<\/span><\/li>\n<li><span style=\"color: white;\">Buscan la excelencia en todo lo que hace.<\/span><\/li>\n<li><span style=\"color: white;\">Realizan las cosas con el mejor de sus esfuerzos.<\/span><\/li>\n<li><span style=\"color: white;\">Tienen sensibilidad social, dispuesta a devolver a la comunidad lo que ha recibido de ella.<\/span><\/li>\n<\/ul>\n<p>&nbsp;<\/p>","protected":false},"excerpt":{"rendered":"<p>Preacero M\u00e9xico cuenta con personal altamente calificado para la elaboraci\u00f3n de todos sus procesos. Es por ello que quienes laboran con nosotros siempre se encuentran en la constante evoluci\u00f3n de conocimientos, logrando as\u00ed el \u00f3ptimo desempe\u00f1o\u00a0de todos los recursos con los que se cuentan al momento de realizar sus funciones. Trabajar en Preacero Pellizzari, significa<\/p>\n","protected":false},"author":2,"featured_media":0,"parent":0,"menu_order":0,"comment_status":"closed","ping_status":"closed","template":"","meta":{"footnotes":""},"class_list":["post-472","page","type-page","status-publish","hentry"],"_links":{"self":[{"href":"http:\/\/preacero.com\/home\/wp-json\/wp\/v2\/pages\/472","targetHints":{"allow":["GET"]}}],"collection":[{"href":"http:\/\/preacero.com\/home\/wp-json\/wp\/v2\/pages"}],"about":[{"href":"http:\/\/preacero.com\/home\/wp-json\/wp\/v2\/types\/page"}],"author":[{"embeddable":true,"href":"http:\/\/preacero.com\/home\/wp-json\/wp\/v2\/users\/2"}],"replies":[{"embeddable":true,"href":"http:\/\/preacero.com\/home\/wp-json\/wp\/v2\/comments?post=472"}],"version-history":[{"count":112,"href":"http:\/\/preacero.com\/home\/wp-json\/wp\/v2\/pages\/472\/revisions"}],"predecessor-version":[{"id":2154,"href":"http:\/\/preacero.com\/home\/wp-json\/wp\/v2\/pages\/472\/revisions\/2154"}],"wp:attachment":[{"href":"http:\/\/preacero.com\/home\/wp-json\/wp\/v2\/media?parent=472"}],"curies":[{"name":"wp","href":"https:\/\/api.w.org\/{rel}","templated":true}]}}