{"id":806,"date":"2015-03-13T11:03:15","date_gmt":"2015-03-13T15:33:15","guid":{"rendered":"http:\/\/preacero.com\/home\/?page_id=806"},"modified":"2017-03-10T19:59:25","modified_gmt":"2017-03-11T00:29:25","slug":"privacy-policy","status":"publish","type":"page","link":"http:\/\/preacero.com\/home\/privacy-policy\/","title":{"rendered":"Pol\u00edtica de Privacidad"},"content":{"rendered":"<p>Preacero Pellizzari M\u00e9xico S.A. de C.V. tiene como principio y se compromete a proteger los datos personales de clientes, proveedores, trabajadores y\/o candidatos a puestos de trabajo, proporcionados a trav\u00e9s del portal <u><i><a href=\"http:\/\/preacero.com\/\">http:\/\/<\/a><\/i><\/u><u><i><a href=\"http:\/\/preacero.com\/\">preacero.com<\/a><\/i><\/u>, de acuerdo a lo establecido en el <b>CAPITULO II<\/b> de la <b><i>Ley Federal de Protecci\u00f3n de Datos Personales en Posesi\u00f3n de los Particulares<\/i><\/b>. El uso que se dar\u00e1 a dichos datos ser\u00e1 para contrataci\u00f3n de personal, realizaci\u00f3n de n\u00f3minas y cumplimiento de normas laborales as\u00ed como para verificaciones crediticias y\/o comerciales as\u00ed como de solvencia moral o econ\u00f3mica y trayectorias personales as\u00ed como conocimiento de historiales industriales y personales.<\/p>\n<p>La <b>Pol\u00edtica de Privacidad y Protecci\u00f3n de Datos <\/b><b>Personales<\/b> de Preacero Pellizzari M\u00e9xico S.A. de C.V. establece que se proteger\u00e1n y por ning\u00fan motivo se compartir\u00e1n con ning\u00fan ente privado ni por medio alguno, los datos personales que sean recolectados en el portal <u><i><a href=\"http:\/\/preacero.com\/\">http:\/\/preacero.com<\/a><\/i><\/u>, dando a sus usuarios la seguridad y certeza de que sus datos ser\u00e1n almacenados en plataformas seguras y usados \u00fanica y exclusivamente para procesos internos de Preacero.<\/p>\n<p>&nbsp;<\/p>\n<p><b>NOTA<\/b>: Se informa en cumplimiento de la LFPDP vigente, que los titulares de datos personales o sus representantes legales podr\u00e1n realizar la revocaci\u00f3n de su consentimiento, as\u00ed como solicitar en cualquier momento su acceso, rectificaci\u00f3n, modificaci\u00f3n, cancelaci\u00f3n u oposici\u00f3n, siendo procedentes los dos \u00faltimos casos, s\u00f3lo cuando lo establezca la regulaci\u00f3n vigente. La solicitud se deber\u00e1 presentar ante Dpto. de Administraci\u00f3n de Personal en el domicilio Carr. Federal 140, Km 93, S\/N, Pque. Industrial Sta. Fe, Col. Bruno Pagliai, Veracruz, Ver, CP 91697, de esta empresa y se acompa\u00f1ar\u00e1 de toda la documentaci\u00f3n necesaria para sustentar la petici\u00f3n o bien al correo electr\u00f3nico <a href=\"mailto:rrhh1@preacero.com.mx\">rrhh1@preacero.com.mx<\/a>. Recibida la solicitud, la empresa tendr\u00e1 un plazo de veinte d\u00edas h\u00e1biles contados a partir del d\u00eda en que realice la solicitud para emitir la respuesta respectiva.<\/p>\n<p>&nbsp;<\/p>\n<p>Por \u00faltimo, se manifiesta que cualquier cambio por parte de esta empresa al presente aviso se har\u00e1 del conocimiento de nuestros clientes de conformidad a lo previsto en la normatividad vigente y en la p\u00e1gina de <u><i><a href=\"http:\/\/preacero.com\/\">http:\/\/preacero.com <\/a><\/i><\/u>.<\/p>","protected":false},"excerpt":{"rendered":"<p>Preacero Pellizzari M\u00e9xico S.A. de C.V. tiene como principio y se compromete a proteger los datos personales de clientes, proveedores, trabajadores y\/o candidatos a puestos de trabajo, proporcionados a trav\u00e9s del portal http:\/\/preacero.com, de acuerdo a lo establecido en el CAPITULO II de la Ley Federal de Protecci\u00f3n de Datos Personales en Posesi\u00f3n de los<\/p>\n","protected":false},"author":2,"featured_media":0,"parent":0,"menu_order":0,"comment_status":"closed","ping_status":"closed","template":"","meta":{"footnotes":""},"class_list":["post-806","page","type-page","status-publish","hentry"],"_links":{"self":[{"href":"http:\/\/preacero.com\/home\/wp-json\/wp\/v2\/pages\/806","targetHints":{"allow":["GET"]}}],"collection":[{"href":"http:\/\/preacero.com\/home\/wp-json\/wp\/v2\/pages"}],"about":[{"href":"http:\/\/preacero.com\/home\/wp-json\/wp\/v2\/types\/page"}],"author":[{"embeddable":true,"href":"http:\/\/preacero.com\/home\/wp-json\/wp\/v2\/users\/2"}],"replies":[{"embeddable":true,"href":"http:\/\/preacero.com\/home\/wp-json\/wp\/v2\/comments?post=806"}],"version-history":[{"count":7,"href":"http:\/\/preacero.com\/home\/wp-json\/wp\/v2\/pages\/806\/revisions"}],"predecessor-version":[{"id":1840,"href":"http:\/\/preacero.com\/home\/wp-json\/wp\/v2\/pages\/806\/revisions\/1840"}],"wp:attachment":[{"href":"http:\/\/preacero.com\/home\/wp-json\/wp\/v2\/media?parent=806"}],"curies":[{"name":"wp","href":"https:\/\/api.w.org\/{rel}","templated":true}]}}